{"id":1443,"date":"2025-09-29T14:09:36","date_gmt":"2025-09-29T14:09:36","guid":{"rendered":"https:\/\/northamericanwindacademy.com\/?page_id=1443"},"modified":"2025-11-20T13:57:29","modified_gmt":"2025-11-20T13:57:29","slug":"upcoming-training-courses","status":"publish","type":"page","link":"https:\/\/northamericanwindacademy.com\/es\/upcoming-training-courses\/","title":{"rendered":"Pr\u00f3ximos Cursos de Formaci\u00f3n"},"content":{"rendered":"<div data-elementor-type=\"wp-page\" data-elementor-id=\"1443\" class=\"elementor elementor-1443\" data-elementor-post-type=\"page\">\n\t\t\t\t<div class=\"elementor-element elementor-element-3c8828a e-flex e-con-boxed e-con e-parent\" data-id=\"3c8828a\" data-element_type=\"container\" data-e-type=\"container\" data-settings=\"{&quot;background_background&quot;:&quot;classic&quot;}\">\n\t\t\t\t\t<div class=\"e-con-inner\">\n\t\t\t\t<div class=\"elementor-element elementor-element-1eaac50 elementor-widget elementor-widget-heading\" data-id=\"1eaac50\" data-element_type=\"widget\" data-e-type=\"widget\" data-widget_type=\"heading.default\">\n\t\t\t\t\t<h2 class=\"elementor-heading-title elementor-size-default\">Pr\u00f3ximos Cursos de Formaci\u00f3n<\/h2>\t\t\t\t<\/div>\n\t\t<div class=\"elementor-element elementor-element-ddbbd06 e-con-full e-flex e-con e-child\" data-id=\"ddbbd06\" data-element_type=\"container\" data-e-type=\"container\">\n\t\t<div class=\"elementor-element elementor-element-ecda498 e-con-full e-flex e-con e-child\" data-id=\"ecda498\" data-element_type=\"container\" data-e-type=\"container\">\n\t\t\t\t<div class=\"elementor-element elementor-element-40281be elementor-widget elementor-widget-heading\" data-id=\"40281be\" data-element_type=\"widget\" data-e-type=\"widget\" data-widget_type=\"heading.default\">\n\t\t\t\t\t<h2 class=\"elementor-heading-title elementor-size-default\">Solicita un curso que se ajuste<\/h2>\t\t\t\t<\/div>\n\t\t\t\t<div class=\"elementor-element elementor-element-b92f210 elementor-widget elementor-widget-text-editor\" data-id=\"b92f210\" data-element_type=\"widget\" data-e-type=\"widget\" data-widget_type=\"text-editor.default\">\n\t\t\t\t\t\t\t\t\t<p>Here you can view all scheduled training courses at the academy. Click on a training course for more details.<\/p><p>\u00bfTiene problemas para encontrar un curso que se ajuste a su horario de formaci\u00f3n? H\u00e1ganos saber el curso y los d\u00edas que necesita, y le ayudaremos a encontrarlo. <a href=\"https:\/\/northamericanwindacademy.com\/es\/contact\/\">Haga clic aqu\u00ed para enviar su solicitud.\u00a0<\/a><\/p>\t\t\t\t\t\t\t\t<\/div>\n\t\t\t\t<\/div>\n\t\t\t\t<\/div>\n\t\t\t\t<div class=\"elementor-element elementor-element-03a4e98 elementor-widget elementor-widget-html\" data-id=\"03a4e98\" data-element_type=\"widget\" data-e-type=\"widget\" data-widget_type=\"html.default\">\n\t\t\t\t\t<iframe data-src=\"https:\/\/calendar.google.com\/calendar\/embed?height=600&wkst=2&ctz=America%2FChicago&showPrint=0&showTz=0&mode=MONTH&src=YWNhZGVteW9mZmljZUBuYXdhY2FkZW15LmNvbQ&color=%23039be5\" style=\"border-width:0\" width=\"800\" height=\"600\" frameborder=\"0\" scrolling=\"no\" src=\"data:image\/svg+xml;base64,PHN2ZyB3aWR0aD0iMSIgaGVpZ2h0PSIxIiB4bWxucz0iaHR0cDovL3d3dy53My5vcmcvMjAwMC9zdmciPjwvc3ZnPg==\" class=\"lazyload\" data-load-mode=\"1\"><\/iframe>\t\t\t\t<\/div>\n\t\t\t\t\t<\/div>\n\t\t\t\t<\/div>\n\t\t\t\t<\/div>","protected":false},"excerpt":{"rendered":"<p>Upcoming Training Courses Request A Course That Fits Here you can view all scheduled training courses at the academy. Click on a training course for more details. Having trouble finding a course that fits your schedule for your training? Let us know the course and days you need, and we&#8217;ll help you find it. Click [&hellip;]<\/p>\n","protected":false},"author":2,"featured_media":0,"parent":0,"menu_order":0,"comment_status":"closed","ping_status":"closed","template":"","meta":{"content-type":"","_monsterinsights_skip_tracking":false,"_monsterinsights_sitenote_active":false,"_monsterinsights_sitenote_note":"","_monsterinsights_sitenote_category":0,"footnotes":""},"class_list":["post-1443","page","type-page","status-publish","hentry"],"yoast_head":"<!-- This site is optimized with the Yoast SEO plugin v27.3 - https:\/\/yoast.com\/product\/yoast-seo-wordpress\/ -->\n<title>Upcoming Training Courses - North American Wind Academy<\/title>\n<meta name=\"robots\" content=\"index, follow, max-snippet:-1, max-image-preview:large, max-video-preview:-1\" \/>\n<link rel=\"canonical\" href=\"https:\/\/northamericanwindacademy.com\/es\/upcoming-training-courses\/\" \/>\n<meta property=\"og:locale\" content=\"es_MX\" \/>\n<meta property=\"og:type\" content=\"article\" \/>\n<meta property=\"og:title\" content=\"Upcoming Training Courses - North American Wind Academy\" \/>\n<meta property=\"og:description\" content=\"Upcoming Training Courses Request A Course That Fits Here you can view all scheduled training courses at the academy. Click on a training course for more details. Having trouble finding a course that fits your schedule for your training? Let us know the course and days you need, and we&#8217;ll help you find it. Click [&hellip;]\" \/>\n<meta property=\"og:url\" content=\"https:\/\/northamericanwindacademy.com\/es\/upcoming-training-courses\/\" \/>\n<meta property=\"og:site_name\" content=\"North American Wind Academy\" \/>\n<meta property=\"article:modified_time\" content=\"2025-11-20T13:57:29+00:00\" \/>\n<meta name=\"twitter:card\" content=\"summary_large_image\" \/>\n<meta name=\"twitter:label1\" content=\"Tiempo de lectura\" \/>\n\t<meta name=\"twitter:data1\" content=\"1 minuto\" \/>\n<script type=\"application\/ld+json\" class=\"yoast-schema-graph\">{\"@context\":\"https:\\\/\\\/schema.org\",\"@graph\":[{\"@type\":\"WebPage\",\"@id\":\"https:\\\/\\\/northamericanwindacademy.com\\\/upcoming-training-courses\\\/\",\"url\":\"https:\\\/\\\/northamericanwindacademy.com\\\/upcoming-training-courses\\\/\",\"name\":\"Upcoming Training Courses - North American Wind Academy\",\"isPartOf\":{\"@id\":\"https:\\\/\\\/northamericanwindacademy.com\\\/#website\"},\"datePublished\":\"2025-09-29T14:09:36+00:00\",\"dateModified\":\"2025-11-20T13:57:29+00:00\",\"breadcrumb\":{\"@id\":\"https:\\\/\\\/northamericanwindacademy.com\\\/upcoming-training-courses\\\/#breadcrumb\"},\"inLanguage\":\"es\",\"potentialAction\":[{\"@type\":\"ReadAction\",\"target\":[\"https:\\\/\\\/northamericanwindacademy.com\\\/upcoming-training-courses\\\/\"]}]},{\"@type\":\"BreadcrumbList\",\"@id\":\"https:\\\/\\\/northamericanwindacademy.com\\\/upcoming-training-courses\\\/#breadcrumb\",\"itemListElement\":[{\"@type\":\"ListItem\",\"position\":1,\"name\":\"Home\",\"item\":\"https:\\\/\\\/northamericanwindacademy.com\\\/\"},{\"@type\":\"ListItem\",\"position\":2,\"name\":\"Upcoming Training Courses\"}]},{\"@type\":\"WebSite\",\"@id\":\"https:\\\/\\\/northamericanwindacademy.com\\\/#website\",\"url\":\"https:\\\/\\\/northamericanwindacademy.com\\\/\",\"name\":\"North American Wind Academy\",\"description\":\"Wind Industry Training Provider for North America\",\"publisher\":{\"@id\":\"https:\\\/\\\/northamericanwindacademy.com\\\/#organization\"},\"potentialAction\":[{\"@type\":\"SearchAction\",\"target\":{\"@type\":\"EntryPoint\",\"urlTemplate\":\"https:\\\/\\\/northamericanwindacademy.com\\\/?s={search_term_string}\"},\"query-input\":{\"@type\":\"PropertyValueSpecification\",\"valueRequired\":true,\"valueName\":\"search_term_string\"}}],\"inLanguage\":\"es\"},{\"@type\":\"Organization\",\"@id\":\"https:\\\/\\\/northamericanwindacademy.com\\\/#organization\",\"name\":\"North American Wind Academy\",\"url\":\"https:\\\/\\\/northamericanwindacademy.com\\\/\",\"logo\":{\"@type\":\"ImageObject\",\"inLanguage\":\"es\",\"@id\":\"https:\\\/\\\/northamericanwindacademy.com\\\/#\\\/schema\\\/logo\\\/image\\\/\",\"url\":\"https:\\\/\\\/northamericanwindacademy.com\\\/wp-content\\\/uploads\\\/2025\\\/08\\\/NAWA-Logo-scaled.png\",\"contentUrl\":\"https:\\\/\\\/northamericanwindacademy.com\\\/wp-content\\\/uploads\\\/2025\\\/08\\\/NAWA-Logo-scaled.png\",\"width\":2560,\"height\":591,\"caption\":\"North American Wind Academy\"},\"image\":{\"@id\":\"https:\\\/\\\/northamericanwindacademy.com\\\/#\\\/schema\\\/logo\\\/image\\\/\"}}]}<\/script>\n<!-- \/ Yoast SEO plugin. -->","yoast_head_json":{"title":"Upcoming Training Courses - North American Wind Academy","robots":{"index":"index","follow":"follow","max-snippet":"max-snippet:-1","max-image-preview":"max-image-preview:large","max-video-preview":"max-video-preview:-1"},"canonical":"https:\/\/northamericanwindacademy.com\/es\/upcoming-training-courses\/","og_locale":"es_MX","og_type":"article","og_title":"Upcoming Training Courses - North American Wind Academy","og_description":"Upcoming Training Courses Request A Course That Fits Here you can view all scheduled training courses at the academy. Click on a training course for more details. Having trouble finding a course that fits your schedule for your training? Let us know the course and days you need, and we&#8217;ll help you find it. Click [&hellip;]","og_url":"https:\/\/northamericanwindacademy.com\/es\/upcoming-training-courses\/","og_site_name":"North American Wind Academy","article_modified_time":"2025-11-20T13:57:29+00:00","twitter_card":"summary_large_image","twitter_misc":{"Tiempo de lectura":"1 minuto"},"schema":{"@context":"https:\/\/schema.org","@graph":[{"@type":"WebPage","@id":"https:\/\/northamericanwindacademy.com\/upcoming-training-courses\/","url":"https:\/\/northamericanwindacademy.com\/upcoming-training-courses\/","name":"Upcoming Training Courses - North American Wind Academy","isPartOf":{"@id":"https:\/\/northamericanwindacademy.com\/#website"},"datePublished":"2025-09-29T14:09:36+00:00","dateModified":"2025-11-20T13:57:29+00:00","breadcrumb":{"@id":"https:\/\/northamericanwindacademy.com\/upcoming-training-courses\/#breadcrumb"},"inLanguage":"es","potentialAction":[{"@type":"ReadAction","target":["https:\/\/northamericanwindacademy.com\/upcoming-training-courses\/"]}]},{"@type":"BreadcrumbList","@id":"https:\/\/northamericanwindacademy.com\/upcoming-training-courses\/#breadcrumb","itemListElement":[{"@type":"ListItem","position":1,"name":"Home","item":"https:\/\/northamericanwindacademy.com\/"},{"@type":"ListItem","position":2,"name":"Upcoming Training Courses"}]},{"@type":"WebSite","@id":"https:\/\/northamericanwindacademy.com\/#website","url":"https:\/\/northamericanwindacademy.com\/","name":"North American Wind Academy","description":"Wind Industry Training Provider for North America","publisher":{"@id":"https:\/\/northamericanwindacademy.com\/#organization"},"potentialAction":[{"@type":"SearchAction","target":{"@type":"EntryPoint","urlTemplate":"https:\/\/northamericanwindacademy.com\/?s={search_term_string}"},"query-input":{"@type":"PropertyValueSpecification","valueRequired":true,"valueName":"search_term_string"}}],"inLanguage":"es"},{"@type":"Organization","@id":"https:\/\/northamericanwindacademy.com\/#organization","name":"North American Wind Academy","url":"https:\/\/northamericanwindacademy.com\/","logo":{"@type":"ImageObject","inLanguage":"es","@id":"https:\/\/northamericanwindacademy.com\/#\/schema\/logo\/image\/","url":"https:\/\/northamericanwindacademy.com\/wp-content\/uploads\/2025\/08\/NAWA-Logo-scaled.png","contentUrl":"https:\/\/northamericanwindacademy.com\/wp-content\/uploads\/2025\/08\/NAWA-Logo-scaled.png","width":2560,"height":591,"caption":"North American Wind Academy"},"image":{"@id":"https:\/\/northamericanwindacademy.com\/#\/schema\/logo\/image\/"}}]}},"_links":{"self":[{"href":"https:\/\/northamericanwindacademy.com\/es\/wp-json\/wp\/v2\/pages\/1443","targetHints":{"allow":["GET"]}}],"collection":[{"href":"https:\/\/northamericanwindacademy.com\/es\/wp-json\/wp\/v2\/pages"}],"about":[{"href":"https:\/\/northamericanwindacademy.com\/es\/wp-json\/wp\/v2\/types\/page"}],"author":[{"embeddable":true,"href":"https:\/\/northamericanwindacademy.com\/es\/wp-json\/wp\/v2\/users\/2"}],"replies":[{"embeddable":true,"href":"https:\/\/northamericanwindacademy.com\/es\/wp-json\/wp\/v2\/comments?post=1443"}],"version-history":[{"count":79,"href":"https:\/\/northamericanwindacademy.com\/es\/wp-json\/wp\/v2\/pages\/1443\/revisions"}],"predecessor-version":[{"id":2229,"href":"https:\/\/northamericanwindacademy.com\/es\/wp-json\/wp\/v2\/pages\/1443\/revisions\/2229"}],"wp:attachment":[{"href":"https:\/\/northamericanwindacademy.com\/es\/wp-json\/wp\/v2\/media?parent=1443"}],"curies":[{"name":"wp","href":"https:\/\/api.w.org\/{rel}","templated":true}]}}