{"id":197,"date":"2025-08-06T14:57:19","date_gmt":"2025-08-06T14:57:19","guid":{"rendered":"http:\/\/northamericanwindacademy.com\/?page_id=197"},"modified":"2025-10-27T18:06:06","modified_gmt":"2025-10-27T18:06:06","slug":"about","status":"publish","type":"page","link":"https:\/\/northamericanwindacademy.com\/es\/about\/","title":{"rendered":"About"},"content":{"rendered":"<div data-elementor-type=\"wp-page\" data-elementor-id=\"197\" class=\"elementor elementor-197\" data-elementor-post-type=\"page\">\n\t\t\t\t<div class=\"elementor-element elementor-element-b6245c4 e-flex e-con-boxed e-con e-child\" data-id=\"b6245c4\" data-element_type=\"container\" data-e-type=\"container\" data-settings=\"{&quot;background_background&quot;:&quot;classic&quot;}\">\n\t\t\t\t\t<div class=\"e-con-inner\">\n\t\t\t\t<div class=\"elementor-element elementor-element-f611b20 elementor-invisible elementor-widget elementor-widget-heading\" data-id=\"f611b20\" data-element_type=\"widget\" data-e-type=\"widget\" data-settings=\"{&quot;_animation&quot;:&quot;fadeIn&quot;}\" data-widget_type=\"heading.default\">\n\t\t\t\t\t<h2 class=\"elementor-heading-title elementor-size-default\">Qui\u00e9nes somos<\/h2>\t\t\t\t<\/div>\n\t\t\t\t<div class=\"elementor-element elementor-element-014ddc5 elementor-invisible elementor-widget elementor-widget-heading\" data-id=\"014ddc5\" data-element_type=\"widget\" data-e-type=\"widget\" data-settings=\"{&quot;_animation&quot;:&quot;fadeIn&quot;}\" data-widget_type=\"heading.default\">\n\t\t\t\t\t<h2 class=\"elementor-heading-title elementor-size-default\">Sobre la North American Wind Academy<\/h2>\t\t\t\t<\/div>\n\t\t\t\t<div class=\"elementor-element elementor-element-7a894e6 elementor-widget-divider--view-line elementor-widget elementor-widget-divider\" data-id=\"7a894e6\" data-element_type=\"widget\" data-e-type=\"widget\" data-widget_type=\"divider.default\">\n\t\t\t\t\t\t\t<div class=\"elementor-divider\">\n\t\t\t<span class=\"elementor-divider-separator\">\n\t\t\t\t\t\t<\/span>\n\t\t<\/div>\n\t\t\t\t\t\t<\/div>\n\t\t\t\t\t<\/div>\n\t\t\t\t<\/div>\n\t\t<div class=\"elementor-element elementor-element-7c167ab e-flex e-con-boxed e-con e-parent\" data-id=\"7c167ab\" data-element_type=\"container\" data-e-type=\"container\">\n\t\t\t\t\t<div class=\"e-con-inner\">\n\t\t<div class=\"elementor-element elementor-element-9fbd2da e-con-full e-flex e-con e-child\" data-id=\"9fbd2da\" data-element_type=\"container\" data-e-type=\"container\">\n\t\t\t\t<div class=\"elementor-element elementor-element-53ffcf2 elementor-widget elementor-widget-heading\" data-id=\"53ffcf2\" data-element_type=\"widget\" data-e-type=\"widget\" data-widget_type=\"heading.default\">\n\t\t\t\t\t<h2 class=\"elementor-heading-title elementor-size-default\">Entrenamiento para el \u00e9xito<\/h2>\t\t\t\t<\/div>\n\t\t\t\t<div class=\"elementor-element elementor-element-7382983 elementor-widget__width-initial elementor-widget elementor-widget-text-editor\" data-id=\"7382983\" data-element_type=\"widget\" data-e-type=\"widget\" data-widget_type=\"text-editor.default\">\n\t\t\t\t\t\t\t\t\t<p>La North American Wind Academy es el centro de referencia en Norteam\u00e9rica para la formaci\u00f3n profesional de t\u00e9cnicos en energ\u00eda e\u00f3lica, creada para responder a las crecientes necesidades del sector en Estados Unidos y Canad\u00e1. Ubicada en Fort Worth, Texas, nuestra instalaci\u00f3n est\u00e1 dise\u00f1ada espec\u00edficamente para impartir capacitaci\u00f3n pr\u00e1ctica y de alta calidad.<\/p><p>Fundada en 2024 para atender la creciente demanda de t\u00e9cnicos especializados, la Academia ofrece programas acreditados y espec\u00edficos de la industria, como GWO Blade Repair, Formaci\u00f3n T\u00e9cnica B\u00e1sica, Rescate Avanzado y cursos de seguridad, que dotan a los t\u00e9cnicos de las competencias necesarias para sobresalir en el servicio y mantenimiento de aerogeneradores.<\/p>\t\t\t\t\t\t\t\t<\/div>\n\t\t\t\t<\/div>\n\t\t<div class=\"elementor-element elementor-element-32449e9 e-con-full e-flex e-con e-child\" data-id=\"32449e9\" data-element_type=\"container\" data-e-type=\"container\">\n\t\t\t\t<div class=\"elementor-element elementor-element-32c554e elementor-widget elementor-widget-image\" data-id=\"32c554e\" data-element_type=\"widget\" data-e-type=\"widget\" data-widget_type=\"image.default\">\n\t\t\t\t\t\t\t\t\t\t\t\t\t\t\t<img fetchpriority=\"high\" decoding=\"async\" width=\"800\" height=\"640\" src=\"https:\/\/northamericanwindacademy.com\/wp-content\/uploads\/2025\/08\/Rescue-training-at-North-American-Wind-Academy-1024x819.jpg\" class=\"attachment-large size-large wp-image-18\" alt=\"\" srcset=\"https:\/\/northamericanwindacademy.com\/wp-content\/uploads\/2025\/08\/Rescue-training-at-North-American-Wind-Academy-1024x819.jpg 1024w, https:\/\/northamericanwindacademy.com\/wp-content\/uploads\/2025\/08\/Rescue-training-at-North-American-Wind-Academy-300x240.jpg 300w, https:\/\/northamericanwindacademy.com\/wp-content\/uploads\/2025\/08\/Rescue-training-at-North-American-Wind-Academy-768x614.jpg 768w, https:\/\/northamericanwindacademy.com\/wp-content\/uploads\/2025\/08\/Rescue-training-at-North-American-Wind-Academy-1536x1229.jpg 1536w, https:\/\/northamericanwindacademy.com\/wp-content\/uploads\/2025\/08\/Rescue-training-at-North-American-Wind-Academy-2048x1638.jpg 2048w\" sizes=\"(max-width: 800px) 100vw, 800px\" \/>\t\t\t\t\t\t\t\t\t\t\t\t\t\t\t<\/div>\n\t\t\t\t<\/div>\n\t\t\t\t\t<\/div>\n\t\t\t\t<\/div>\n\t\t<div class=\"elementor-element elementor-element-50b140e e-flex e-con-boxed e-con e-parent\" data-id=\"50b140e\" data-element_type=\"container\" data-e-type=\"container\">\n\t\t\t\t\t<div class=\"e-con-inner\">\n\t\t<div class=\"elementor-element elementor-element-02faa6c e-con-full e-flex e-con e-child\" data-id=\"02faa6c\" data-element_type=\"container\" data-e-type=\"container\">\n\t\t\t\t<div class=\"elementor-element elementor-element-95f4a56 elementor-widget elementor-widget-heading\" data-id=\"95f4a56\" data-element_type=\"widget\" data-e-type=\"widget\" data-widget_type=\"heading.default\">\n\t\t\t\t\t<h2 class=\"elementor-heading-title elementor-size-default\">Construyendo una fuerza laboral m\u00e1s segura en toda la industria e\u00f3lica.<\/h2>\t\t\t\t<\/div>\n\t\t\t\t<\/div>\n\t\t<div class=\"elementor-element elementor-element-be190b4 e-con-full e-flex e-con e-child\" data-id=\"be190b4\" data-element_type=\"container\" data-e-type=\"container\">\n\t\t\t\t<div class=\"elementor-element elementor-element-749c606 elementor-widget elementor-widget-text-editor\" data-id=\"749c606\" data-element_type=\"widget\" data-e-type=\"widget\" data-widget_type=\"text-editor.default\">\n\t\t\t\t\t\t\t\t\t<p>Nuestros principios fundamentales son la fuerza motriz detr\u00e1s de lo que hacemos en la Academia de Viento de Norteam\u00e9rica, lo que nos permite promover una cultura laboral fuerte, segura y saludable para todos.<\/p>\t\t\t\t\t\t\t\t<\/div>\n\t\t\t\t<div class=\"elementor-element elementor-element-d19a11f elementor-widget elementor-widget-button\" data-id=\"d19a11f\" data-element_type=\"widget\" data-e-type=\"widget\" data-widget_type=\"button.default\">\n\t\t\t\t\t\t\t\t\t\t<a class=\"elementor-button elementor-button-link elementor-size-sm elementor-animation-grow\" href=\"https:\/\/northamericanwindacademy.com\/es\/core-principles\/\">\n\t\t\t\t\t\t<span class=\"elementor-button-content-wrapper\">\n\t\t\t\t\t\t\t\t\t<span class=\"elementor-button-text\">Nuestros Principios Fundamentales<\/span>\n\t\t\t\t\t<\/span>\n\t\t\t\t\t<\/a>\n\t\t\t\t\t\t\t\t<\/div>\n\t\t\t\t<\/div>\n\t\t\t\t\t<\/div>\n\t\t\t\t<\/div>\n\t\t<div class=\"elementor-element elementor-element-bbfc960 e-flex e-con-boxed e-con e-parent\" data-id=\"bbfc960\" data-element_type=\"container\" data-e-type=\"container\" data-settings=\"{&quot;background_background&quot;:&quot;classic&quot;}\">\n\t\t\t\t\t<div class=\"e-con-inner\">\n\t\t<div class=\"elementor-element elementor-element-384f7c2 e-con-full e-flex e-con e-child\" data-id=\"384f7c2\" data-element_type=\"container\" data-e-type=\"container\">\n\t\t\t\t<div class=\"elementor-element elementor-element-470db7f elementor-widget elementor-widget-heading\" data-id=\"470db7f\" data-element_type=\"widget\" data-e-type=\"widget\" data-widget_type=\"heading.default\">\n\t\t\t\t\t<h2 class=\"elementor-heading-title elementor-size-default\">Nuestro Enfoque<\/h2>\t\t\t\t<\/div>\n\t\t\t\t<div class=\"elementor-element elementor-element-4deb6ea elementor-widget__width-initial elementor-widget elementor-widget-text-editor\" data-id=\"4deb6ea\" data-element_type=\"widget\" data-e-type=\"widget\" data-widget_type=\"text-editor.default\">\n\t\t\t\t\t\t\t\t\t<p>La North AmerIcan Wind Academy ye una organizaci\u00f3n que abraza completamente la transici\u00f3n hacia la energ\u00eda renovable a trav\u00e9s de la colaboraci\u00f3n con nuestros empleados y partes interesadas.\u00a0<\/p><p>Esto nos est\u00e1 llevando a un futuro m\u00e1s sostenible y ayudando a proteger d\u00f3nde vivimos y la salud global de nuestro planeta y de las futuras generaciones. Somos una parte significativa de esta transici\u00f3n y estamos orgullosos de ser un componente clave en acelerar el cambio.<\/p>\t\t\t\t\t\t\t\t<\/div>\n\t\t\t\t<\/div>\n\t\t\t\t\t<\/div>\n\t\t\t\t<\/div>\n\t\t<div class=\"elementor-element elementor-element-5e03ed9 e-con-full e-flex e-con e-parent\" data-id=\"5e03ed9\" data-element_type=\"container\" data-e-type=\"container\">\n\t\t<div class=\"elementor-element elementor-element-d2a0ad1 e-con-full e-flex e-con e-child\" data-id=\"d2a0ad1\" data-element_type=\"container\" data-e-type=\"container\" data-settings=\"{&quot;background_background&quot;:&quot;classic&quot;}\">\n\t\t\t\t<\/div>\n\t\t<div class=\"elementor-element elementor-element-86280c1 e-con-full e-flex e-con e-child\" data-id=\"86280c1\" data-element_type=\"container\" data-e-type=\"container\" data-settings=\"{&quot;background_background&quot;:&quot;classic&quot;}\">\n\t\t\t\t<div class=\"elementor-element elementor-element-e8e4737 elementor-widget elementor-widget-heading\" data-id=\"e8e4737\" data-element_type=\"widget\" data-e-type=\"widget\" data-widget_type=\"heading.default\">\n\t\t\t\t\t<h2 class=\"elementor-heading-title elementor-size-default\">Excelencia en el Servicio<\/h2>\t\t\t\t<\/div>\n\t\t\t\t<div class=\"elementor-element elementor-element-150897f elementor-widget__width-initial elementor-widget elementor-widget-text-editor\" data-id=\"150897f\" data-element_type=\"widget\" data-e-type=\"widget\" data-widget_type=\"text-editor.default\">\n\t\t\t\t\t\t\t\t\t<p>Todos los cursos de formaci\u00f3n en la Academia de Viento de Am\u00e9rica del Norte son dirigidos por instructores de formaci\u00f3n altamente cualificados y responsables con amplia experiencia en la industria.\u00a0<\/p><p>Nuestro equipo dedicado de instructores ofrece el mejor comienzo para quienes buscan iniciar una carrera en la industria e\u00f3lica o actualizar habilidades b\u00e1sicas.<\/p>\t\t\t\t\t\t\t\t<\/div>\n\t\t\t\t<div class=\"elementor-element elementor-element-003efcb elementor-widget elementor-widget-button\" data-id=\"003efcb\" data-element_type=\"widget\" data-e-type=\"widget\" data-widget_type=\"button.default\">\n\t\t\t\t\t\t\t\t\t\t<a class=\"elementor-button elementor-button-link elementor-size-sm elementor-animation-grow\" href=\"https:\/\/northamericanwindacademy.com\/es\/our-courses\/\">\n\t\t\t\t\t\t<span class=\"elementor-button-content-wrapper\">\n\t\t\t\t\t\t\t\t\t<span class=\"elementor-button-text\">Ver Nuestros Cursos<\/span>\n\t\t\t\t\t<\/span>\n\t\t\t\t\t<\/a>\n\t\t\t\t\t\t\t\t<\/div>\n\t\t\t\t<\/div>\n\t\t\t\t<\/div>\n\t\t\t\t<\/div>","protected":false},"excerpt":{"rendered":"<p>About Us About the North American Wind Academy (NAWA)\u200b Training For Success The North American Wind Academy is North America\u2019s central hub for professional wind-energy technician training, designed to meet the expanding requirements of the U.S. and Canadian wind sector. Located in Fort Worth, Texas, our facility is purpose-built for delivering practical, high-quality training. Established [&hellip;]<\/p>\n","protected":false},"author":1,"featured_media":0,"parent":0,"menu_order":0,"comment_status":"closed","ping_status":"closed","template":"","meta":{"content-type":"","_monsterinsights_skip_tracking":false,"_monsterinsights_sitenote_active":false,"_monsterinsights_sitenote_note":"","_monsterinsights_sitenote_category":0,"footnotes":""},"class_list":["post-197","page","type-page","status-publish","hentry"],"yoast_head":"<!-- This site is optimized with the Yoast SEO plugin v27.3 - https:\/\/yoast.com\/product\/yoast-seo-wordpress\/ -->\n<title>About - North American Wind Academy<\/title>\n<meta name=\"robots\" content=\"index, follow, max-snippet:-1, max-image-preview:large, max-video-preview:-1\" \/>\n<link rel=\"canonical\" href=\"https:\/\/northamericanwindacademy.com\/es\/about\/\" \/>\n<meta property=\"og:locale\" content=\"es_MX\" \/>\n<meta property=\"og:type\" content=\"article\" \/>\n<meta property=\"og:title\" content=\"About - North American Wind Academy\" \/>\n<meta property=\"og:description\" content=\"About Us About the North American Wind Academy (NAWA)\u200b Training For Success The North American Wind Academy is North America\u2019s central hub for professional wind-energy technician training, designed to meet the expanding requirements of the U.S. and Canadian wind sector. Located in Fort Worth, Texas, our facility is purpose-built for delivering practical, high-quality training. Established [&hellip;]\" \/>\n<meta property=\"og:url\" content=\"https:\/\/northamericanwindacademy.com\/es\/about\/\" \/>\n<meta property=\"og:site_name\" content=\"North American Wind Academy\" \/>\n<meta property=\"article:modified_time\" content=\"2025-10-27T18:06:06+00:00\" \/>\n<meta property=\"og:image\" content=\"https:\/\/northamericanwindacademy.com\/wp-content\/uploads\/2025\/08\/Rescue-training-at-North-American-Wind-Academy-scaled.jpg\" \/>\n\t<meta property=\"og:image:width\" content=\"2560\" \/>\n\t<meta property=\"og:image:height\" content=\"2048\" \/>\n\t<meta property=\"og:image:type\" content=\"image\/jpeg\" \/>\n<meta name=\"twitter:card\" content=\"summary_large_image\" \/>\n<meta name=\"twitter:label1\" content=\"Tiempo de lectura\" \/>\n\t<meta name=\"twitter:data1\" content=\"2 minutos\" \/>\n<script type=\"application\/ld+json\" class=\"yoast-schema-graph\">{\"@context\":\"https:\\\/\\\/schema.org\",\"@graph\":[{\"@type\":\"WebPage\",\"@id\":\"https:\\\/\\\/northamericanwindacademy.com\\\/about\\\/\",\"url\":\"https:\\\/\\\/northamericanwindacademy.com\\\/about\\\/\",\"name\":\"About - North American Wind Academy\",\"isPartOf\":{\"@id\":\"https:\\\/\\\/northamericanwindacademy.com\\\/#website\"},\"primaryImageOfPage\":{\"@id\":\"https:\\\/\\\/northamericanwindacademy.com\\\/about\\\/#primaryimage\"},\"image\":{\"@id\":\"https:\\\/\\\/northamericanwindacademy.com\\\/about\\\/#primaryimage\"},\"thumbnailUrl\":\"https:\\\/\\\/northamericanwindacademy.com\\\/wp-content\\\/uploads\\\/2025\\\/08\\\/Rescue-training-at-North-American-Wind-Academy-1024x819.jpg\",\"datePublished\":\"2025-08-06T14:57:19+00:00\",\"dateModified\":\"2025-10-27T18:06:06+00:00\",\"breadcrumb\":{\"@id\":\"https:\\\/\\\/northamericanwindacademy.com\\\/about\\\/#breadcrumb\"},\"inLanguage\":\"es\",\"potentialAction\":[{\"@type\":\"ReadAction\",\"target\":[\"https:\\\/\\\/northamericanwindacademy.com\\\/about\\\/\"]}]},{\"@type\":\"ImageObject\",\"inLanguage\":\"es\",\"@id\":\"https:\\\/\\\/northamericanwindacademy.com\\\/about\\\/#primaryimage\",\"url\":\"https:\\\/\\\/northamericanwindacademy.com\\\/wp-content\\\/uploads\\\/2025\\\/08\\\/Rescue-training-at-North-American-Wind-Academy-1024x819.jpg\",\"contentUrl\":\"https:\\\/\\\/northamericanwindacademy.com\\\/wp-content\\\/uploads\\\/2025\\\/08\\\/Rescue-training-at-North-American-Wind-Academy-1024x819.jpg\"},{\"@type\":\"BreadcrumbList\",\"@id\":\"https:\\\/\\\/northamericanwindacademy.com\\\/about\\\/#breadcrumb\",\"itemListElement\":[{\"@type\":\"ListItem\",\"position\":1,\"name\":\"Home\",\"item\":\"https:\\\/\\\/northamericanwindacademy.com\\\/\"},{\"@type\":\"ListItem\",\"position\":2,\"name\":\"About\"}]},{\"@type\":\"WebSite\",\"@id\":\"https:\\\/\\\/northamericanwindacademy.com\\\/#website\",\"url\":\"https:\\\/\\\/northamericanwindacademy.com\\\/\",\"name\":\"North American Wind Academy\",\"description\":\"Wind Industry Training Provider for North America\",\"publisher\":{\"@id\":\"https:\\\/\\\/northamericanwindacademy.com\\\/#organization\"},\"potentialAction\":[{\"@type\":\"SearchAction\",\"target\":{\"@type\":\"EntryPoint\",\"urlTemplate\":\"https:\\\/\\\/northamericanwindacademy.com\\\/?s={search_term_string}\"},\"query-input\":{\"@type\":\"PropertyValueSpecification\",\"valueRequired\":true,\"valueName\":\"search_term_string\"}}],\"inLanguage\":\"es\"},{\"@type\":\"Organization\",\"@id\":\"https:\\\/\\\/northamericanwindacademy.com\\\/#organization\",\"name\":\"North American Wind Academy\",\"url\":\"https:\\\/\\\/northamericanwindacademy.com\\\/\",\"logo\":{\"@type\":\"ImageObject\",\"inLanguage\":\"es\",\"@id\":\"https:\\\/\\\/northamericanwindacademy.com\\\/#\\\/schema\\\/logo\\\/image\\\/\",\"url\":\"https:\\\/\\\/northamericanwindacademy.com\\\/wp-content\\\/uploads\\\/2025\\\/08\\\/NAWA-Logo-scaled.png\",\"contentUrl\":\"https:\\\/\\\/northamericanwindacademy.com\\\/wp-content\\\/uploads\\\/2025\\\/08\\\/NAWA-Logo-scaled.png\",\"width\":2560,\"height\":591,\"caption\":\"North American Wind Academy\"},\"image\":{\"@id\":\"https:\\\/\\\/northamericanwindacademy.com\\\/#\\\/schema\\\/logo\\\/image\\\/\"}}]}<\/script>\n<!-- \/ Yoast SEO plugin. -->","yoast_head_json":{"title":"About - North American Wind Academy","robots":{"index":"index","follow":"follow","max-snippet":"max-snippet:-1","max-image-preview":"max-image-preview:large","max-video-preview":"max-video-preview:-1"},"canonical":"https:\/\/northamericanwindacademy.com\/es\/about\/","og_locale":"es_MX","og_type":"article","og_title":"About - North American Wind Academy","og_description":"About Us About the North American Wind Academy (NAWA)\u200b Training For Success The North American Wind Academy is North America\u2019s central hub for professional wind-energy technician training, designed to meet the expanding requirements of the U.S. and Canadian wind sector. Located in Fort Worth, Texas, our facility is purpose-built for delivering practical, high-quality training. Established [&hellip;]","og_url":"https:\/\/northamericanwindacademy.com\/es\/about\/","og_site_name":"North American Wind Academy","article_modified_time":"2025-10-27T18:06:06+00:00","og_image":[{"width":2560,"height":2048,"url":"https:\/\/northamericanwindacademy.com\/wp-content\/uploads\/2025\/08\/Rescue-training-at-North-American-Wind-Academy-scaled.jpg","type":"image\/jpeg"}],"twitter_card":"summary_large_image","twitter_misc":{"Tiempo de lectura":"2 minutos"},"schema":{"@context":"https:\/\/schema.org","@graph":[{"@type":"WebPage","@id":"https:\/\/northamericanwindacademy.com\/about\/","url":"https:\/\/northamericanwindacademy.com\/about\/","name":"About - North American Wind Academy","isPartOf":{"@id":"https:\/\/northamericanwindacademy.com\/#website"},"primaryImageOfPage":{"@id":"https:\/\/northamericanwindacademy.com\/about\/#primaryimage"},"image":{"@id":"https:\/\/northamericanwindacademy.com\/about\/#primaryimage"},"thumbnailUrl":"https:\/\/northamericanwindacademy.com\/wp-content\/uploads\/2025\/08\/Rescue-training-at-North-American-Wind-Academy-1024x819.jpg","datePublished":"2025-08-06T14:57:19+00:00","dateModified":"2025-10-27T18:06:06+00:00","breadcrumb":{"@id":"https:\/\/northamericanwindacademy.com\/about\/#breadcrumb"},"inLanguage":"es","potentialAction":[{"@type":"ReadAction","target":["https:\/\/northamericanwindacademy.com\/about\/"]}]},{"@type":"ImageObject","inLanguage":"es","@id":"https:\/\/northamericanwindacademy.com\/about\/#primaryimage","url":"https:\/\/northamericanwindacademy.com\/wp-content\/uploads\/2025\/08\/Rescue-training-at-North-American-Wind-Academy-1024x819.jpg","contentUrl":"https:\/\/northamericanwindacademy.com\/wp-content\/uploads\/2025\/08\/Rescue-training-at-North-American-Wind-Academy-1024x819.jpg"},{"@type":"BreadcrumbList","@id":"https:\/\/northamericanwindacademy.com\/about\/#breadcrumb","itemListElement":[{"@type":"ListItem","position":1,"name":"Home","item":"https:\/\/northamericanwindacademy.com\/"},{"@type":"ListItem","position":2,"name":"About"}]},{"@type":"WebSite","@id":"https:\/\/northamericanwindacademy.com\/#website","url":"https:\/\/northamericanwindacademy.com\/","name":"North American Wind Academy","description":"Wind Industry Training Provider for North America","publisher":{"@id":"https:\/\/northamericanwindacademy.com\/#organization"},"potentialAction":[{"@type":"SearchAction","target":{"@type":"EntryPoint","urlTemplate":"https:\/\/northamericanwindacademy.com\/?s={search_term_string}"},"query-input":{"@type":"PropertyValueSpecification","valueRequired":true,"valueName":"search_term_string"}}],"inLanguage":"es"},{"@type":"Organization","@id":"https:\/\/northamericanwindacademy.com\/#organization","name":"North American Wind Academy","url":"https:\/\/northamericanwindacademy.com\/","logo":{"@type":"ImageObject","inLanguage":"es","@id":"https:\/\/northamericanwindacademy.com\/#\/schema\/logo\/image\/","url":"https:\/\/northamericanwindacademy.com\/wp-content\/uploads\/2025\/08\/NAWA-Logo-scaled.png","contentUrl":"https:\/\/northamericanwindacademy.com\/wp-content\/uploads\/2025\/08\/NAWA-Logo-scaled.png","width":2560,"height":591,"caption":"North American Wind Academy"},"image":{"@id":"https:\/\/northamericanwindacademy.com\/#\/schema\/logo\/image\/"}}]}},"_links":{"self":[{"href":"https:\/\/northamericanwindacademy.com\/es\/wp-json\/wp\/v2\/pages\/197","targetHints":{"allow":["GET"]}}],"collection":[{"href":"https:\/\/northamericanwindacademy.com\/es\/wp-json\/wp\/v2\/pages"}],"about":[{"href":"https:\/\/northamericanwindacademy.com\/es\/wp-json\/wp\/v2\/types\/page"}],"author":[{"embeddable":true,"href":"https:\/\/northamericanwindacademy.com\/es\/wp-json\/wp\/v2\/users\/1"}],"replies":[{"embeddable":true,"href":"https:\/\/northamericanwindacademy.com\/es\/wp-json\/wp\/v2\/comments?post=197"}],"version-history":[{"count":98,"href":"https:\/\/northamericanwindacademy.com\/es\/wp-json\/wp\/v2\/pages\/197\/revisions"}],"predecessor-version":[{"id":1782,"href":"https:\/\/northamericanwindacademy.com\/es\/wp-json\/wp\/v2\/pages\/197\/revisions\/1782"}],"wp:attachment":[{"href":"https:\/\/northamericanwindacademy.com\/es\/wp-json\/wp\/v2\/media?parent=197"}],"curies":[{"name":"wp","href":"https:\/\/api.w.org\/{rel}","templated":true}]}}