{"id":229,"date":"2025-08-07T10:16:44","date_gmt":"2025-08-07T10:16:44","guid":{"rendered":"http:\/\/northamericanwindacademy.com\/?page_id=229"},"modified":"2025-09-02T09:31:04","modified_gmt":"2025-09-02T09:31:04","slug":"news","status":"publish","type":"page","link":"https:\/\/northamericanwindacademy.com\/es\/news\/","title":{"rendered":"Centro de conocimiento"},"content":{"rendered":"<div data-elementor-type=\"wp-page\" data-elementor-id=\"229\" class=\"elementor elementor-229\" data-elementor-post-type=\"page\">\n\t\t\t\t<div class=\"elementor-element elementor-element-19dafc7 e-flex e-con-boxed e-con e-parent\" data-id=\"19dafc7\" data-element_type=\"container\" data-e-type=\"container\" data-settings=\"{&quot;background_background&quot;:&quot;classic&quot;}\">\n\t\t\t\t\t<div class=\"e-con-inner\">\n\t\t<div class=\"elementor-element elementor-element-8a9c716 e-con-full e-flex e-con e-child\" data-id=\"8a9c716\" data-element_type=\"container\" data-e-type=\"container\">\n\t\t\t\t<div class=\"elementor-element elementor-element-17573a0 elementor-invisible elementor-widget elementor-widget-heading\" data-id=\"17573a0\" data-element_type=\"widget\" data-e-type=\"widget\" data-settings=\"{&quot;_animation&quot;:&quot;fadeIn&quot;}\" data-widget_type=\"heading.default\">\n\t\t\t\t\t<h2 class=\"elementor-heading-title elementor-size-default\">Centro de conocimiento<\/h2>\t\t\t\t<\/div>\n\t\t\t\t<div class=\"elementor-element elementor-element-521e84e elementor-invisible elementor-widget elementor-widget-heading\" data-id=\"521e84e\" data-element_type=\"widget\" data-e-type=\"widget\" data-settings=\"{&quot;_animation&quot;:&quot;fadeIn&quot;}\" data-widget_type=\"heading.default\">\n\t\t\t\t\t<h2 class=\"elementor-heading-title elementor-size-default\">T\u00f3 lo m\u00e1s reciente del equipu de la North American Wind Academy<\/h2>\t\t\t\t<\/div>\n\t\t\t\t<div class=\"elementor-element elementor-element-7382983 elementor-invisible elementor-widget elementor-widget-text-editor\" data-id=\"7382983\" data-element_type=\"widget\" data-e-type=\"widget\" data-settings=\"{&quot;_animation&quot;:&quot;fadeIn&quot;}\" data-widget_type=\"text-editor.default\">\n\t\t\t\t\t\t\t\t\t<p>La industria e\u00f3lica est\u00e1 en auge, ofreciendo carreras gratificantes para aquellos apasionados por la sostenibilidad. Nuestro centro de conocimiento ofrece valiosas perspectivas e informaci\u00f3n sobre las carreras dentro de la industria e\u00f3lica. Sigue leyendo para explorar las tendencias del sector, consejos de expertos y recursos valiosos para navegar tu trayectoria profesional en energ\u00eda e\u00f3lica.\u00a0<\/p>\t\t\t\t\t\t\t\t<\/div>\n\t\t\t\t<div class=\"elementor-element elementor-element-a0427e5 elementor-widget-divider--view-line elementor-widget elementor-widget-divider\" data-id=\"a0427e5\" data-element_type=\"widget\" data-e-type=\"widget\" data-widget_type=\"divider.default\">\n\t\t\t\t\t\t\t<div class=\"elementor-divider\">\n\t\t\t<span class=\"elementor-divider-separator\">\n\t\t\t\t\t\t<\/span>\n\t\t<\/div>\n\t\t\t\t\t\t<\/div>\n\t\t\t\t<\/div>\n\t\t\t\t\t<\/div>\n\t\t\t\t<\/div>\n\t\t<div class=\"elementor-element elementor-element-b0057eb e-flex e-con-boxed e-con e-parent\" data-id=\"b0057eb\" data-element_type=\"container\" data-e-type=\"container\" data-settings=\"{&quot;background_background&quot;:&quot;classic&quot;}\">\n\t\t\t\t\t<div class=\"e-con-inner\">\n\t\t\t\t<div class=\"elementor-element elementor-element-16990ff elementor-grid-3 elementor-grid-tablet-2 elementor-grid-mobile-1 elementor-posts--thumbnail-top elementor-card-shadow-yes elementor-posts__hover-gradient elementor-invisible elementor-widget elementor-widget-posts\" data-id=\"16990ff\" data-element_type=\"widget\" data-e-type=\"widget\" data-settings=\"{&quot;pagination_type&quot;:&quot;prev_next&quot;,&quot;_animation&quot;:&quot;fadeInUp&quot;,&quot;cards_columns&quot;:&quot;3&quot;,&quot;cards_columns_tablet&quot;:&quot;2&quot;,&quot;cards_columns_mobile&quot;:&quot;1&quot;,&quot;cards_row_gap&quot;:{&quot;unit&quot;:&quot;px&quot;,&quot;size&quot;:35,&quot;sizes&quot;:[]},&quot;cards_row_gap_tablet&quot;:{&quot;unit&quot;:&quot;px&quot;,&quot;size&quot;:&quot;&quot;,&quot;sizes&quot;:[]},&quot;cards_row_gap_mobile&quot;:{&quot;unit&quot;:&quot;px&quot;,&quot;size&quot;:&quot;&quot;,&quot;sizes&quot;:[]}}\" data-widget_type=\"posts.cards\">\n\t\t\t\t<div class=\"elementor-widget-container\">\n\t\t\t\t\t\t\t<div class=\"elementor-posts-container elementor-posts elementor-posts--skin-cards elementor-grid\" role=\"list\">\n\t\t\t\t<article class=\"elementor-post elementor-grid-item post-958 post type-post status-publish format-standard has-post-thumbnail hentry category-industry-insights\" role=\"listitem\">\n\t\t\t<div class=\"elementor-post__card\">\n\t\t\t\t<a class=\"elementor-post__thumbnail__link\" href=\"https:\/\/northamericanwindacademy.com\/es\/global-technician-demand-for-2027-as-wind-industry-continues-to-grow\/\" tabindex=\"-1\" target=\"_blank\"><div class=\"elementor-post__thumbnail\"><img fetchpriority=\"high\" decoding=\"async\" width=\"300\" height=\"169\" src=\"https:\/\/northamericanwindacademy.com\/wp-content\/uploads\/2025\/11\/25-300x169.jpg\" class=\"attachment-medium size-medium wp-image-2258\" alt=\"\" srcset=\"https:\/\/northamericanwindacademy.com\/wp-content\/uploads\/2025\/11\/25-300x169.jpg 300w, https:\/\/northamericanwindacademy.com\/wp-content\/uploads\/2025\/11\/25-1024x576.jpg 1024w, https:\/\/northamericanwindacademy.com\/wp-content\/uploads\/2025\/11\/25-768x432.jpg 768w, https:\/\/northamericanwindacademy.com\/wp-content\/uploads\/2025\/11\/25-18x10.jpg 18w, https:\/\/northamericanwindacademy.com\/wp-content\/uploads\/2025\/11\/25-800x450.jpg 800w, https:\/\/northamericanwindacademy.com\/wp-content\/uploads\/2025\/11\/25.jpg 1200w\" sizes=\"(max-width: 300px) 100vw, 300px\" \/><\/div><\/a>\n\t\t\t\t<div class=\"elementor-post__badge\">Perspectivas de la industria<\/div>\n\t\t\t\t<div class=\"elementor-post__text\">\n\t\t\t\t<h3 class=\"elementor-post__title\">\n\t\t\t<a href=\"https:\/\/northamericanwindacademy.com\/es\/global-technician-demand-for-2027-as-wind-industry-continues-to-grow\/\" target=\"&quot;_blank&quot;\">\n\t\t\t\tDemanda global de t\u00e9cnicos para 2027 a medida que la industria e\u00f3lica contin\u00faa creciendo\t\t\t<\/a>\n\t\t<\/h3>\n\t\t\n\t\t<a class=\"elementor-post__read-more\" href=\"https:\/\/northamericanwindacademy.com\/es\/global-technician-demand-for-2027-as-wind-industry-continues-to-grow\/\" aria-label=\"Read more about Global Technician Demand For 2027 As Wind Industry Continues To Grow\" tabindex=\"-1\" target=\"_blank\">\n\t\t\tLeer M\u00e1s \"\t\t<\/a>\n\n\t\t\t\t<\/div>\n\t\t\t\t\t<\/div>\n\t\t<\/article>\n\t\t\t\t<article class=\"elementor-post elementor-grid-item post-526 post type-post status-publish format-standard has-post-thumbnail hentry category-industry-insights\" role=\"listitem\">\n\t\t\t<div class=\"elementor-post__card\">\n\t\t\t\t<a class=\"elementor-post__thumbnail__link\" href=\"https:\/\/northamericanwindacademy.com\/es\/why-gwo-certification-matters-and-what-to-expect\/\" tabindex=\"-1\" target=\"_blank\"><div class=\"elementor-post__thumbnail\"><img decoding=\"async\" width=\"300\" height=\"225\" data-src=\"https:\/\/northamericanwindacademy.com\/wp-content\/uploads\/2025\/08\/73-300x225.jpg\" class=\"attachment-medium size-medium wp-image-231 lazyload\" alt=\"\" data-srcset=\"https:\/\/northamericanwindacademy.com\/wp-content\/uploads\/2025\/08\/73-300x225.jpg 300w, https:\/\/northamericanwindacademy.com\/wp-content\/uploads\/2025\/08\/73-1024x768.jpg 1024w, https:\/\/northamericanwindacademy.com\/wp-content\/uploads\/2025\/08\/73-768x576.jpg 768w, https:\/\/northamericanwindacademy.com\/wp-content\/uploads\/2025\/08\/73-1536x1152.jpg 1536w, https:\/\/northamericanwindacademy.com\/wp-content\/uploads\/2025\/08\/73-2048x1536.jpg 2048w, https:\/\/northamericanwindacademy.com\/wp-content\/uploads\/2025\/08\/73-600x450.jpg 600w\" data-sizes=\"(max-width: 300px) 100vw, 300px\" src=\"data:image\/svg+xml;base64,PHN2ZyB3aWR0aD0iMSIgaGVpZ2h0PSIxIiB4bWxucz0iaHR0cDovL3d3dy53My5vcmcvMjAwMC9zdmciPjwvc3ZnPg==\" style=\"--smush-placeholder-width: 300px; --smush-placeholder-aspect-ratio: 300\/225;\" \/><\/div><\/a>\n\t\t\t\t<div class=\"elementor-post__badge\">Perspectivas de la industria<\/div>\n\t\t\t\t<div class=\"elementor-post__text\">\n\t\t\t\t<h3 class=\"elementor-post__title\">\n\t\t\t<a href=\"https:\/\/northamericanwindacademy.com\/es\/why-gwo-certification-matters-and-what-to-expect\/\" target=\"&quot;_blank&quot;\">\n\t\t\t\tPor qu\u00e9 es importante la certificaci\u00f3n GWO (y qu\u00e9 esperar)\t\t\t<\/a>\n\t\t<\/h3>\n\t\t\n\t\t<a class=\"elementor-post__read-more\" href=\"https:\/\/northamericanwindacademy.com\/es\/why-gwo-certification-matters-and-what-to-expect\/\" aria-label=\"Read more about Why GWO Certification Matters (and What to Expect)\" tabindex=\"-1\" target=\"_blank\">\n\t\t\tLeer M\u00e1s \"\t\t<\/a>\n\n\t\t\t\t<\/div>\n\t\t\t\t\t<\/div>\n\t\t<\/article>\n\t\t\t\t<article class=\"elementor-post elementor-grid-item post-517 post type-post status-publish format-standard has-post-thumbnail hentry category-academy-news\" role=\"listitem\">\n\t\t\t<div class=\"elementor-post__card\">\n\t\t\t\t<a class=\"elementor-post__thumbnail__link\" href=\"https:\/\/northamericanwindacademy.com\/es\/gev-north-american-wind-academy-launches-training\/\" tabindex=\"-1\" target=\"_blank\"><div class=\"elementor-post__thumbnail\"><img decoding=\"async\" width=\"300\" height=\"214\" data-src=\"https:\/\/northamericanwindacademy.com\/wp-content\/uploads\/2025\/08\/Technicians-1-scaled-1-300x214.jpg\" class=\"attachment-medium size-medium wp-image-950 lazyload\" alt=\"\" data-srcset=\"https:\/\/northamericanwindacademy.com\/wp-content\/uploads\/2025\/08\/Technicians-1-scaled-1-300x214.jpg 300w, https:\/\/northamericanwindacademy.com\/wp-content\/uploads\/2025\/08\/Technicians-1-scaled-1-800x572.jpg 800w, https:\/\/northamericanwindacademy.com\/wp-content\/uploads\/2025\/08\/Technicians-1-scaled-1-1024x732.jpg 1024w, https:\/\/northamericanwindacademy.com\/wp-content\/uploads\/2025\/08\/Technicians-1-scaled-1-768x549.jpg 768w, https:\/\/northamericanwindacademy.com\/wp-content\/uploads\/2025\/08\/Technicians-1-scaled-1-1536x1097.jpg 1536w, https:\/\/northamericanwindacademy.com\/wp-content\/uploads\/2025\/08\/Technicians-1-scaled-1-2048x1463.jpg 2048w, https:\/\/northamericanwindacademy.com\/wp-content\/uploads\/2025\/08\/Technicians-1-scaled-1-18x12.jpg 18w\" data-sizes=\"(max-width: 300px) 100vw, 300px\" src=\"data:image\/svg+xml;base64,PHN2ZyB3aWR0aD0iMSIgaGVpZ2h0PSIxIiB4bWxucz0iaHR0cDovL3d3dy53My5vcmcvMjAwMC9zdmciPjwvc3ZnPg==\" style=\"--smush-placeholder-width: 300px; --smush-placeholder-aspect-ratio: 300\/214;\" \/><\/div><\/a>\n\t\t\t\t<div class=\"elementor-post__badge\">Noticias de la Academia<\/div>\n\t\t\t\t<div class=\"elementor-post__text\">\n\t\t\t\t<h3 class=\"elementor-post__title\">\n\t\t\t<a href=\"https:\/\/northamericanwindacademy.com\/es\/gev-north-american-wind-academy-launches-training\/\" target=\"&quot;_blank&quot;\">\n\t\t\t\tLa Academia de Viento de Am\u00e9rica del Norte Lanza Capacitaci\u00f3n de Terceros\t\t\t<\/a>\n\t\t<\/h3>\n\t\t\n\t\t<a class=\"elementor-post__read-more\" href=\"https:\/\/northamericanwindacademy.com\/es\/gev-north-american-wind-academy-launches-training\/\" aria-label=\"Read more about North American Wind Academy Launches Third Party Training\" tabindex=\"-1\" target=\"_blank\">\n\t\t\tLeer M\u00e1s \"\t\t<\/a>\n\n\t\t\t\t<\/div>\n\t\t\t\t\t<\/div>\n\t\t<\/article>\n\t\t\t\t<\/div>\n\t\t\n\t\t\t\t\t\t<\/div>\n\t\t\t\t<\/div>\n\t\t\t\t\t<\/div>\n\t\t\t\t<\/div>\n\t\t\t\t<\/div>","protected":false},"excerpt":{"rendered":"<p>Knowledge Hub All the latest from the team at the North American Wind Academy The wind industry is booming, offering<\/p>","protected":false},"author":2,"featured_media":0,"parent":0,"menu_order":0,"comment_status":"closed","ping_status":"closed","template":"","meta":{"content-type":"","_monsterinsights_skip_tracking":false,"_monsterinsights_sitenote_active":false,"_monsterinsights_sitenote_note":"","_monsterinsights_sitenote_category":0,"footnotes":""},"class_list":["post-229","page","type-page","status-publish","hentry"],"yoast_head":"<!-- This site is optimized with the Yoast SEO plugin v27.3 - https:\/\/yoast.com\/product\/yoast-seo-wordpress\/ -->\n<title>Knowledge Hub - North American Wind Academy<\/title>\n<meta name=\"robots\" content=\"index, follow, max-snippet:-1, max-image-preview:large, max-video-preview:-1\" \/>\n<link rel=\"canonical\" href=\"https:\/\/northamericanwindacademy.com\/es\/news\/\" \/>\n<meta property=\"og:locale\" content=\"es_MX\" \/>\n<meta property=\"og:type\" content=\"article\" \/>\n<meta property=\"og:title\" content=\"Knowledge Hub - North American Wind Academy\" \/>\n<meta property=\"og:description\" content=\"Knowledge Hub All the latest from the team at the North American Wind Academy The wind industry is booming, offering\" \/>\n<meta property=\"og:url\" content=\"https:\/\/northamericanwindacademy.com\/es\/news\/\" \/>\n<meta property=\"og:site_name\" content=\"North American Wind Academy\" \/>\n<meta property=\"article:modified_time\" content=\"2025-09-02T09:31:04+00:00\" \/>\n<meta name=\"twitter:card\" content=\"summary_large_image\" \/>\n<script type=\"application\/ld+json\" class=\"yoast-schema-graph\">{\"@context\":\"https:\\\/\\\/schema.org\",\"@graph\":[{\"@type\":\"WebPage\",\"@id\":\"https:\\\/\\\/northamericanwindacademy.com\\\/news\\\/\",\"url\":\"https:\\\/\\\/northamericanwindacademy.com\\\/news\\\/\",\"name\":\"Knowledge Hub - North American Wind Academy\",\"isPartOf\":{\"@id\":\"https:\\\/\\\/northamericanwindacademy.com\\\/#website\"},\"datePublished\":\"2025-08-07T10:16:44+00:00\",\"dateModified\":\"2025-09-02T09:31:04+00:00\",\"breadcrumb\":{\"@id\":\"https:\\\/\\\/northamericanwindacademy.com\\\/news\\\/#breadcrumb\"},\"inLanguage\":\"es\",\"potentialAction\":[{\"@type\":\"ReadAction\",\"target\":[\"https:\\\/\\\/northamericanwindacademy.com\\\/news\\\/\"]}]},{\"@type\":\"BreadcrumbList\",\"@id\":\"https:\\\/\\\/northamericanwindacademy.com\\\/news\\\/#breadcrumb\",\"itemListElement\":[{\"@type\":\"ListItem\",\"position\":1,\"name\":\"Home\",\"item\":\"https:\\\/\\\/northamericanwindacademy.com\\\/\"},{\"@type\":\"ListItem\",\"position\":2,\"name\":\"Knowledge Hub\"}]},{\"@type\":\"WebSite\",\"@id\":\"https:\\\/\\\/northamericanwindacademy.com\\\/#website\",\"url\":\"https:\\\/\\\/northamericanwindacademy.com\\\/\",\"name\":\"North American Wind Academy\",\"description\":\"Wind Industry Training Provider for North America\",\"publisher\":{\"@id\":\"https:\\\/\\\/northamericanwindacademy.com\\\/#organization\"},\"potentialAction\":[{\"@type\":\"SearchAction\",\"target\":{\"@type\":\"EntryPoint\",\"urlTemplate\":\"https:\\\/\\\/northamericanwindacademy.com\\\/?s={search_term_string}\"},\"query-input\":{\"@type\":\"PropertyValueSpecification\",\"valueRequired\":true,\"valueName\":\"search_term_string\"}}],\"inLanguage\":\"es\"},{\"@type\":\"Organization\",\"@id\":\"https:\\\/\\\/northamericanwindacademy.com\\\/#organization\",\"name\":\"North American Wind Academy\",\"url\":\"https:\\\/\\\/northamericanwindacademy.com\\\/\",\"logo\":{\"@type\":\"ImageObject\",\"inLanguage\":\"es\",\"@id\":\"https:\\\/\\\/northamericanwindacademy.com\\\/#\\\/schema\\\/logo\\\/image\\\/\",\"url\":\"https:\\\/\\\/northamericanwindacademy.com\\\/wp-content\\\/uploads\\\/2025\\\/08\\\/NAWA-Logo-scaled.png\",\"contentUrl\":\"https:\\\/\\\/northamericanwindacademy.com\\\/wp-content\\\/uploads\\\/2025\\\/08\\\/NAWA-Logo-scaled.png\",\"width\":2560,\"height\":591,\"caption\":\"North American Wind Academy\"},\"image\":{\"@id\":\"https:\\\/\\\/northamericanwindacademy.com\\\/#\\\/schema\\\/logo\\\/image\\\/\"}}]}<\/script>\n<!-- \/ Yoast SEO plugin. -->","yoast_head_json":{"title":"Knowledge Hub - North American Wind Academy","robots":{"index":"index","follow":"follow","max-snippet":"max-snippet:-1","max-image-preview":"max-image-preview:large","max-video-preview":"max-video-preview:-1"},"canonical":"https:\/\/northamericanwindacademy.com\/es\/news\/","og_locale":"es_MX","og_type":"article","og_title":"Knowledge Hub - North American Wind Academy","og_description":"Knowledge Hub All the latest from the team at the North American Wind Academy The wind industry is booming, offering","og_url":"https:\/\/northamericanwindacademy.com\/es\/news\/","og_site_name":"North American Wind Academy","article_modified_time":"2025-09-02T09:31:04+00:00","twitter_card":"summary_large_image","schema":{"@context":"https:\/\/schema.org","@graph":[{"@type":"WebPage","@id":"https:\/\/northamericanwindacademy.com\/news\/","url":"https:\/\/northamericanwindacademy.com\/news\/","name":"Knowledge Hub - North American Wind Academy","isPartOf":{"@id":"https:\/\/northamericanwindacademy.com\/#website"},"datePublished":"2025-08-07T10:16:44+00:00","dateModified":"2025-09-02T09:31:04+00:00","breadcrumb":{"@id":"https:\/\/northamericanwindacademy.com\/news\/#breadcrumb"},"inLanguage":"es","potentialAction":[{"@type":"ReadAction","target":["https:\/\/northamericanwindacademy.com\/news\/"]}]},{"@type":"BreadcrumbList","@id":"https:\/\/northamericanwindacademy.com\/news\/#breadcrumb","itemListElement":[{"@type":"ListItem","position":1,"name":"Home","item":"https:\/\/northamericanwindacademy.com\/"},{"@type":"ListItem","position":2,"name":"Knowledge Hub"}]},{"@type":"WebSite","@id":"https:\/\/northamericanwindacademy.com\/#website","url":"https:\/\/northamericanwindacademy.com\/","name":"North American Wind Academy","description":"Wind Industry Training Provider for North America","publisher":{"@id":"https:\/\/northamericanwindacademy.com\/#organization"},"potentialAction":[{"@type":"SearchAction","target":{"@type":"EntryPoint","urlTemplate":"https:\/\/northamericanwindacademy.com\/?s={search_term_string}"},"query-input":{"@type":"PropertyValueSpecification","valueRequired":true,"valueName":"search_term_string"}}],"inLanguage":"es"},{"@type":"Organization","@id":"https:\/\/northamericanwindacademy.com\/#organization","name":"North American Wind Academy","url":"https:\/\/northamericanwindacademy.com\/","logo":{"@type":"ImageObject","inLanguage":"es","@id":"https:\/\/northamericanwindacademy.com\/#\/schema\/logo\/image\/","url":"https:\/\/northamericanwindacademy.com\/wp-content\/uploads\/2025\/08\/NAWA-Logo-scaled.png","contentUrl":"https:\/\/northamericanwindacademy.com\/wp-content\/uploads\/2025\/08\/NAWA-Logo-scaled.png","width":2560,"height":591,"caption":"North American Wind Academy"},"image":{"@id":"https:\/\/northamericanwindacademy.com\/#\/schema\/logo\/image\/"}}]}},"_links":{"self":[{"href":"https:\/\/northamericanwindacademy.com\/es\/wp-json\/wp\/v2\/pages\/229","targetHints":{"allow":["GET"]}}],"collection":[{"href":"https:\/\/northamericanwindacademy.com\/es\/wp-json\/wp\/v2\/pages"}],"about":[{"href":"https:\/\/northamericanwindacademy.com\/es\/wp-json\/wp\/v2\/types\/page"}],"author":[{"embeddable":true,"href":"https:\/\/northamericanwindacademy.com\/es\/wp-json\/wp\/v2\/users\/2"}],"replies":[{"embeddable":true,"href":"https:\/\/northamericanwindacademy.com\/es\/wp-json\/wp\/v2\/comments?post=229"}],"version-history":[{"count":52,"href":"https:\/\/northamericanwindacademy.com\/es\/wp-json\/wp\/v2\/pages\/229\/revisions"}],"predecessor-version":[{"id":1152,"href":"https:\/\/northamericanwindacademy.com\/es\/wp-json\/wp\/v2\/pages\/229\/revisions\/1152"}],"wp:attachment":[{"href":"https:\/\/northamericanwindacademy.com\/es\/wp-json\/wp\/v2\/media?parent=229"}],"curies":[{"name":"wp","href":"https:\/\/api.w.org\/{rel}","templated":true}]}}