{"id":1641,"date":"2025-10-06T15:25:36","date_gmt":"2025-10-06T15:25:36","guid":{"rendered":"https:\/\/northamericanwindacademy.com\/?post_type=product&#038;p=1641"},"modified":"2026-01-07T16:00:05","modified_gmt":"2026-01-07T16:00:05","slug":"gwo-basic-safety-training-bst-refresher","status":"publish","type":"product","link":"https:\/\/northamericanwindacademy.com\/es\/our-courses\/gwo-basic-safety-training-bst-refresher\/","title":{"rendered":"GWO Basic Safety Training (BST) Refresher*"},"content":{"rendered":"<p>* Este es un curso de repaso. Si no ha completado previamente el Curso B\u00e1sico de Seguridad GWO, por favor visite: <a href=\"https:\/\/northamericanwindacademy.com\/es\/our-courses\/gwo-basic-safety-training-bst\/\">GWO BST Course<\/a><\/p>\n<p>Volume discounts available.<\/p>\n<p><strong>Duraci\u00f3n del curso:<\/strong> 3 Days<\/p>\n<p><strong>Validez del certificado (meses):<\/strong>\u00a024<\/p>\n<p><strong>Revalidaci\u00f3n:<\/strong>\u00a0El curso debe ser revalidado cada 2 a\u00f1os.<\/p>\n<p><strong>Art\u00edculos para llevar:<\/strong>\u00a0Government Issued Photographic ID e.g. Driver\u2019s License or Passport, and safety work boots.<\/p>\n<p><strong>Idioma<\/strong>\u00a0Formaci\u00f3n disponible en ingl\u00e9s\/espa\u00f1ol.<\/p>\n<p>&nbsp;<\/p>\n<h5><strong>Completar este curso te permitir\u00e1:<\/strong><\/h5>\n<ul>\n<li>Identificar posibles riesgos de incendio dentro de la industria e\u00f3lica y entender c\u00f3mo controlar y mitigar estos riesgos<\/li>\n<li>Administrar primeros auxilios seguros y eficaces en la industria de aerogeneradores de acuerdo con GWO<\/li>\n<li>Realizaci\u00f3n correcta de actividades de manipulaci\u00f3n manual en el entorno de turbinas e\u00f3licas de la industria del viento<\/li>\n<li>Realizar un rescate b\u00e1sico seguro y completo desde altura en un entorno remoto de turbina cumpliendo con los requisitos de respuesta de emergencia para personal nuevo en la industria e\u00f3lica global<\/li>\n<\/ul>","protected":false},"excerpt":{"rendered":"<p>El curso de Formaci\u00f3n B\u00e1sica de Seguridad de la Global Wind Organization (GWO-BST) es el est\u00e1ndar de formaci\u00f3n en seguridad introductorio para trabajar en aerogeneradores. Los 4 m\u00f3dulos BST (Trabajo en Alturas, Primeros Auxilios, Manipulaci\u00f3n Manual y Conciencia sobre Incendios) se impartir\u00e1n tanto de manera te\u00f3rica como pr\u00e1ctica y permitir\u00e1n a los estudiantes aprender los procedimientos b\u00e1sicos de seguridad y emergencia para trabajar en altura.<\/p>","protected":false},"featured_media":773,"template":"","meta":{"content-type":"","_monsterinsights_skip_tracking":false,"_monsterinsights_sitenote_active":false,"_monsterinsights_sitenote_note":"","_monsterinsights_sitenote_category":0},"product_brand":[],"product_cat":[34],"product_tag":[],"class_list":{"0":"post-1641","1":"product","2":"type-product","3":"status-publish","4":"has-post-thumbnail","6":"product_cat-gwo-course","8":"first","9":"instock","10":"virtual","11":"sold-individually","12":"purchasable","13":"product-type-phive_booking"},"yoast_head":"<!-- This site is optimized with the Yoast SEO plugin v27.3 - https:\/\/yoast.com\/product\/yoast-seo-wordpress\/ -->\n<title>GWO Basic Safety Training (BST) Refresher* - North American Wind Academy<\/title>\n<meta name=\"description\" content=\"GWO Basic Safety Training Refresher Course at the North American Wind Academy, Fort Worth, Texas. Book your training with the North American Wind Academy.\" \/>\n<meta name=\"robots\" content=\"index, follow, max-snippet:-1, max-image-preview:large, max-video-preview:-1\" \/>\n<link rel=\"canonical\" href=\"https:\/\/northamericanwindacademy.com\/es\/our-courses\/gwo-basic-safety-training-bst-refresher\/\" \/>\n<meta property=\"og:locale\" content=\"es_MX\" \/>\n<meta property=\"og:type\" content=\"article\" \/>\n<meta property=\"og:title\" content=\"GWO Basic Safety Training (BST) Refresher* - North American Wind Academy\" \/>\n<meta property=\"og:description\" content=\"GWO Basic Safety Training Refresher Course at the North American Wind Academy, Fort Worth, Texas. Book your training with the North American Wind Academy.\" \/>\n<meta property=\"og:url\" content=\"https:\/\/northamericanwindacademy.com\/es\/our-courses\/gwo-basic-safety-training-bst-refresher\/\" \/>\n<meta property=\"og:site_name\" content=\"North American Wind Academy\" \/>\n<meta property=\"article:modified_time\" content=\"2026-01-07T16:00:05+00:00\" \/>\n<meta property=\"og:image\" content=\"https:\/\/northamericanwindacademy.com\/wp-content\/uploads\/2025\/08\/30-scaled.jpg\" \/>\n\t<meta property=\"og:image:width\" content=\"2560\" \/>\n\t<meta property=\"og:image:height\" content=\"1920\" \/>\n\t<meta property=\"og:image:type\" content=\"image\/jpeg\" \/>\n<meta name=\"twitter:card\" content=\"summary_large_image\" \/>\n<meta name=\"twitter:label1\" content=\"Tiempo de lectura\" \/>\n\t<meta name=\"twitter:data1\" content=\"1 minuto\" \/>\n<script type=\"application\/ld+json\" class=\"yoast-schema-graph\">{\"@context\":\"https:\\\/\\\/schema.org\",\"@graph\":[{\"@type\":\"WebPage\",\"@id\":\"https:\\\/\\\/northamericanwindacademy.com\\\/our-courses\\\/gwo-basic-safety-training-bst-refresher\\\/\",\"url\":\"https:\\\/\\\/northamericanwindacademy.com\\\/our-courses\\\/gwo-basic-safety-training-bst-refresher\\\/\",\"name\":\"GWO Basic Safety Training (BST) Refresher* - North American Wind Academy\",\"isPartOf\":{\"@id\":\"https:\\\/\\\/northamericanwindacademy.com\\\/#website\"},\"primaryImageOfPage\":{\"@id\":\"https:\\\/\\\/northamericanwindacademy.com\\\/our-courses\\\/gwo-basic-safety-training-bst-refresher\\\/#primaryimage\"},\"image\":{\"@id\":\"https:\\\/\\\/northamericanwindacademy.com\\\/our-courses\\\/gwo-basic-safety-training-bst-refresher\\\/#primaryimage\"},\"thumbnailUrl\":\"https:\\\/\\\/northamericanwindacademy.com\\\/wp-content\\\/uploads\\\/2025\\\/08\\\/30-scaled.jpg\",\"datePublished\":\"2025-10-06T15:25:36+00:00\",\"dateModified\":\"2026-01-07T16:00:05+00:00\",\"description\":\"GWO Basic Safety Training Refresher Course at the North American Wind Academy, Fort Worth, Texas. Book your training with the North American Wind Academy.\",\"breadcrumb\":{\"@id\":\"https:\\\/\\\/northamericanwindacademy.com\\\/our-courses\\\/gwo-basic-safety-training-bst-refresher\\\/#breadcrumb\"},\"inLanguage\":\"es\",\"potentialAction\":[{\"@type\":\"ReadAction\",\"target\":[\"https:\\\/\\\/northamericanwindacademy.com\\\/our-courses\\\/gwo-basic-safety-training-bst-refresher\\\/\"]}]},{\"@type\":\"ImageObject\",\"inLanguage\":\"es\",\"@id\":\"https:\\\/\\\/northamericanwindacademy.com\\\/our-courses\\\/gwo-basic-safety-training-bst-refresher\\\/#primaryimage\",\"url\":\"https:\\\/\\\/northamericanwindacademy.com\\\/wp-content\\\/uploads\\\/2025\\\/08\\\/30-scaled.jpg\",\"contentUrl\":\"https:\\\/\\\/northamericanwindacademy.com\\\/wp-content\\\/uploads\\\/2025\\\/08\\\/30-scaled.jpg\",\"width\":2560,\"height\":1920},{\"@type\":\"BreadcrumbList\",\"@id\":\"https:\\\/\\\/northamericanwindacademy.com\\\/our-courses\\\/gwo-basic-safety-training-bst-refresher\\\/#breadcrumb\",\"itemListElement\":[{\"@type\":\"ListItem\",\"position\":1,\"name\":\"Home\",\"item\":\"https:\\\/\\\/northamericanwindacademy.com\\\/\"},{\"@type\":\"ListItem\",\"position\":2,\"name\":\"Our Courses\",\"item\":\"https:\\\/\\\/northamericanwindacademy.com\\\/our-courses\\\/\"},{\"@type\":\"ListItem\",\"position\":3,\"name\":\"GWO Basic Safety Training (BST) Refresher*\"}]},{\"@type\":\"WebSite\",\"@id\":\"https:\\\/\\\/northamericanwindacademy.com\\\/#website\",\"url\":\"https:\\\/\\\/northamericanwindacademy.com\\\/\",\"name\":\"North American Wind Academy\",\"description\":\"Wind Industry Training Provider for North America\",\"publisher\":{\"@id\":\"https:\\\/\\\/northamericanwindacademy.com\\\/#organization\"},\"potentialAction\":[{\"@type\":\"SearchAction\",\"target\":{\"@type\":\"EntryPoint\",\"urlTemplate\":\"https:\\\/\\\/northamericanwindacademy.com\\\/?s={search_term_string}\"},\"query-input\":{\"@type\":\"PropertyValueSpecification\",\"valueRequired\":true,\"valueName\":\"search_term_string\"}}],\"inLanguage\":\"es\"},{\"@type\":\"Organization\",\"@id\":\"https:\\\/\\\/northamericanwindacademy.com\\\/#organization\",\"name\":\"North American Wind Academy\",\"url\":\"https:\\\/\\\/northamericanwindacademy.com\\\/\",\"logo\":{\"@type\":\"ImageObject\",\"inLanguage\":\"es\",\"@id\":\"https:\\\/\\\/northamericanwindacademy.com\\\/#\\\/schema\\\/logo\\\/image\\\/\",\"url\":\"https:\\\/\\\/northamericanwindacademy.com\\\/wp-content\\\/uploads\\\/2025\\\/08\\\/NAWA-Logo-scaled.png\",\"contentUrl\":\"https:\\\/\\\/northamericanwindacademy.com\\\/wp-content\\\/uploads\\\/2025\\\/08\\\/NAWA-Logo-scaled.png\",\"width\":2560,\"height\":591,\"caption\":\"North American Wind Academy\"},\"image\":{\"@id\":\"https:\\\/\\\/northamericanwindacademy.com\\\/#\\\/schema\\\/logo\\\/image\\\/\"}}]}<\/script>\n<!-- \/ Yoast SEO plugin. -->","yoast_head_json":{"title":"GWO Basic Safety Training (BST) Refresher* - North American Wind Academy","description":"GWO Basic Safety Training Refresher Course at the North American Wind Academy, Fort Worth, Texas. Book your training with the North American Wind Academy.","robots":{"index":"index","follow":"follow","max-snippet":"max-snippet:-1","max-image-preview":"max-image-preview:large","max-video-preview":"max-video-preview:-1"},"canonical":"https:\/\/northamericanwindacademy.com\/es\/our-courses\/gwo-basic-safety-training-bst-refresher\/","og_locale":"es_MX","og_type":"article","og_title":"GWO Basic Safety Training (BST) Refresher* - North American Wind Academy","og_description":"GWO Basic Safety Training Refresher Course at the North American Wind Academy, Fort Worth, Texas. Book your training with the North American Wind Academy.","og_url":"https:\/\/northamericanwindacademy.com\/es\/our-courses\/gwo-basic-safety-training-bst-refresher\/","og_site_name":"North American Wind Academy","article_modified_time":"2026-01-07T16:00:05+00:00","og_image":[{"width":2560,"height":1920,"url":"https:\/\/northamericanwindacademy.com\/wp-content\/uploads\/2025\/08\/30-scaled.jpg","type":"image\/jpeg"}],"twitter_card":"summary_large_image","twitter_misc":{"Tiempo de lectura":"1 minuto"},"schema":{"@context":"https:\/\/schema.org","@graph":[{"@type":"WebPage","@id":"https:\/\/northamericanwindacademy.com\/our-courses\/gwo-basic-safety-training-bst-refresher\/","url":"https:\/\/northamericanwindacademy.com\/our-courses\/gwo-basic-safety-training-bst-refresher\/","name":"GWO Basic Safety Training (BST) Refresher* - North American Wind Academy","isPartOf":{"@id":"https:\/\/northamericanwindacademy.com\/#website"},"primaryImageOfPage":{"@id":"https:\/\/northamericanwindacademy.com\/our-courses\/gwo-basic-safety-training-bst-refresher\/#primaryimage"},"image":{"@id":"https:\/\/northamericanwindacademy.com\/our-courses\/gwo-basic-safety-training-bst-refresher\/#primaryimage"},"thumbnailUrl":"https:\/\/northamericanwindacademy.com\/wp-content\/uploads\/2025\/08\/30-scaled.jpg","datePublished":"2025-10-06T15:25:36+00:00","dateModified":"2026-01-07T16:00:05+00:00","description":"GWO Basic Safety Training Refresher Course at the North American Wind Academy, Fort Worth, Texas. Book your training with the North American Wind Academy.","breadcrumb":{"@id":"https:\/\/northamericanwindacademy.com\/our-courses\/gwo-basic-safety-training-bst-refresher\/#breadcrumb"},"inLanguage":"es","potentialAction":[{"@type":"ReadAction","target":["https:\/\/northamericanwindacademy.com\/our-courses\/gwo-basic-safety-training-bst-refresher\/"]}]},{"@type":"ImageObject","inLanguage":"es","@id":"https:\/\/northamericanwindacademy.com\/our-courses\/gwo-basic-safety-training-bst-refresher\/#primaryimage","url":"https:\/\/northamericanwindacademy.com\/wp-content\/uploads\/2025\/08\/30-scaled.jpg","contentUrl":"https:\/\/northamericanwindacademy.com\/wp-content\/uploads\/2025\/08\/30-scaled.jpg","width":2560,"height":1920},{"@type":"BreadcrumbList","@id":"https:\/\/northamericanwindacademy.com\/our-courses\/gwo-basic-safety-training-bst-refresher\/#breadcrumb","itemListElement":[{"@type":"ListItem","position":1,"name":"Home","item":"https:\/\/northamericanwindacademy.com\/"},{"@type":"ListItem","position":2,"name":"Our Courses","item":"https:\/\/northamericanwindacademy.com\/our-courses\/"},{"@type":"ListItem","position":3,"name":"GWO Basic Safety Training (BST) Refresher*"}]},{"@type":"WebSite","@id":"https:\/\/northamericanwindacademy.com\/#website","url":"https:\/\/northamericanwindacademy.com\/","name":"North American Wind Academy","description":"Wind Industry Training Provider for North America","publisher":{"@id":"https:\/\/northamericanwindacademy.com\/#organization"},"potentialAction":[{"@type":"SearchAction","target":{"@type":"EntryPoint","urlTemplate":"https:\/\/northamericanwindacademy.com\/?s={search_term_string}"},"query-input":{"@type":"PropertyValueSpecification","valueRequired":true,"valueName":"search_term_string"}}],"inLanguage":"es"},{"@type":"Organization","@id":"https:\/\/northamericanwindacademy.com\/#organization","name":"North American Wind Academy","url":"https:\/\/northamericanwindacademy.com\/","logo":{"@type":"ImageObject","inLanguage":"es","@id":"https:\/\/northamericanwindacademy.com\/#\/schema\/logo\/image\/","url":"https:\/\/northamericanwindacademy.com\/wp-content\/uploads\/2025\/08\/NAWA-Logo-scaled.png","contentUrl":"https:\/\/northamericanwindacademy.com\/wp-content\/uploads\/2025\/08\/NAWA-Logo-scaled.png","width":2560,"height":591,"caption":"North American Wind Academy"},"image":{"@id":"https:\/\/northamericanwindacademy.com\/#\/schema\/logo\/image\/"}}]}},"_links":{"self":[{"href":"https:\/\/northamericanwindacademy.com\/es\/wp-json\/wp\/v2\/product\/1641","targetHints":{"allow":["GET"]}}],"collection":[{"href":"https:\/\/northamericanwindacademy.com\/es\/wp-json\/wp\/v2\/product"}],"about":[{"href":"https:\/\/northamericanwindacademy.com\/es\/wp-json\/wp\/v2\/types\/product"}],"version-history":[{"count":11,"href":"https:\/\/northamericanwindacademy.com\/es\/wp-json\/wp\/v2\/product\/1641\/revisions"}],"predecessor-version":[{"id":2173,"href":"https:\/\/northamericanwindacademy.com\/es\/wp-json\/wp\/v2\/product\/1641\/revisions\/2173"}],"wp:featuredmedia":[{"embeddable":true,"href":"https:\/\/northamericanwindacademy.com\/es\/wp-json\/wp\/v2\/media\/773"}],"wp:attachment":[{"href":"https:\/\/northamericanwindacademy.com\/es\/wp-json\/wp\/v2\/media?parent=1641"}],"wp:term":[{"taxonomy":"product_brand","embeddable":true,"href":"https:\/\/northamericanwindacademy.com\/es\/wp-json\/wp\/v2\/product_brand?post=1641"},{"taxonomy":"product_cat","embeddable":true,"href":"https:\/\/northamericanwindacademy.com\/es\/wp-json\/wp\/v2\/product_cat?post=1641"},{"taxonomy":"product_tag","embeddable":true,"href":"https:\/\/northamericanwindacademy.com\/es\/wp-json\/wp\/v2\/product_tag?post=1641"}],"curies":[{"name":"wp","href":"https:\/\/api.w.org\/{rel}","templated":true}]}}