{"id":412,"date":"2025-08-13T13:58:58","date_gmt":"2025-08-13T13:58:58","guid":{"rendered":"https:\/\/northamericanwindacademy.com\/?post_type=product&#038;p=412"},"modified":"2025-11-17T15:25:05","modified_gmt":"2025-11-17T15:25:05","slug":"gwo-advanced-rescue-training-art","status":"publish","type":"product","link":"https:\/\/northamericanwindacademy.com\/es\/our-courses\/gwo-advanced-rescue-training-art\/","title":{"rendered":"GWO Advanced Rescue Training (ART)"},"content":{"rendered":"<p>Volume discounts available.<\/p>\n<p><strong>Duraci\u00f3n del curso:<\/strong> 4 d\u00edas<\/p>\n<p><strong>Validez del certificado (meses):<\/strong>\u00a024<\/p>\n<p><strong>Revalidaci\u00f3n:<\/strong>\u00a0El curso debe ser revalidado cada 2 a\u00f1os.<\/p>\n<p><strong>Requisito previo\u00a0<\/strong> <em><strong>Debe estar certificado por GWO BST antes de completar este curso de formaci\u00f3n<\/strong><\/em><\/p>\n<p><strong>Art\u00edculos para llevar:<\/strong>\u00a0Documento de identificaci\u00f3n fotogr\u00e1fica emitido por el gobierno, p. ej. licencia de conducir o pasaporte, y botas de seguridad para trabajar.<\/p>\n<p><strong>Idioma<\/strong>\u00a0Formaci\u00f3n disponible en ingl\u00e9s\/espa\u00f1ol.<\/p>\n<p>&nbsp;<\/p>\n<h5><b>Completar este curso te permitir\u00e1:<\/b><\/h5>\n<ul>\n<li>Accede de forma segura al cubo, rotor, hoja interior, g\u00f3ndola, torre y secci\u00f3n del s\u00f3tano de un aerogenerador para llegar a una persona herida<\/li>\n<li>Realizar operaciones de rescate de v\u00edctimas de tipo de entrada en un generador de turbina e\u00f3lica.<\/li>\n<li>Usar correctamente los est\u00e1ndares de la industria, el equipo de rescate y los m\u00e9todos<\/li>\n<li>Comprender y demostrar t\u00e9cnicas de rescate que superen las de GWO Trabajo en Altura<\/li>\n<\/ul>","protected":false},"excerpt":{"rendered":"<p>La competencia en t\u00e9cnicas avanzadas de rescate es crucial para operaciones seguras y eficientes de aerogeneradores. Las imponentes estructuras y los dise\u00f1os complejos de los aerogeneradores presentan desaf\u00edos \u00fanicos incluso para profesionales experimentados. Reconociendo esta necesidad, la Academia de Viento de Norteam\u00e9rica ofrece el Entrenamiento Avanzado de Rescate (ART) de GWO, un programa avanzado dise\u00f1ado para aquellos que desean destacarse en su campo siendo expertos en operaciones de rescate avanzadas, especialmente dentro de los confines de un Generador de Turbina E\u00f3lica (WTG).<\/p>","protected":false},"featured_media":68,"template":"","meta":{"content-type":"","_monsterinsights_skip_tracking":false,"_monsterinsights_sitenote_active":false,"_monsterinsights_sitenote_note":"","_monsterinsights_sitenote_category":0},"product_brand":[],"product_cat":[34],"product_tag":[],"class_list":{"0":"post-412","1":"product","2":"type-product","3":"status-publish","4":"has-post-thumbnail","6":"product_cat-gwo-course","8":"first","9":"instock","10":"sold-individually","11":"shipping-taxable","12":"purchasable","13":"product-type-phive_booking"},"yoast_head":"<!-- This site is optimized with the Yoast SEO plugin v27.3 - https:\/\/yoast.com\/product\/yoast-seo-wordpress\/ -->\n<title>GWO Advanced Rescue Training (ART) - North American Wind Academy<\/title>\n<meta name=\"robots\" content=\"index, follow, max-snippet:-1, max-image-preview:large, max-video-preview:-1\" \/>\n<link rel=\"canonical\" href=\"https:\/\/northamericanwindacademy.com\/es\/our-courses\/gwo-advanced-rescue-training-art\/\" \/>\n<meta property=\"og:locale\" content=\"es_MX\" \/>\n<meta property=\"og:type\" content=\"article\" \/>\n<meta property=\"og:title\" content=\"GWO Advanced Rescue Training (ART) - North American Wind Academy\" \/>\n<meta property=\"og:description\" content=\"Proficiency in advanced rescue techniques is crucial for safe and efficient wind turbine operations. The towering structures and intricate designs of wind turbines present unique challenges even for seasoned professionals. Recognizing this need, the North American Wind Academy offers GWO Advanced Rescue Training (ART), an advanced program tailored for those who aim to stand out in their field by being adept in advanced rescue operations, especially within the confines of a Wind Turbine Generator (WTG).\" \/>\n<meta property=\"og:url\" content=\"https:\/\/northamericanwindacademy.com\/es\/our-courses\/gwo-advanced-rescue-training-art\/\" \/>\n<meta property=\"og:site_name\" content=\"North American Wind Academy\" \/>\n<meta property=\"article:modified_time\" content=\"2025-11-17T15:25:05+00:00\" \/>\n<meta property=\"og:image\" content=\"https:\/\/northamericanwindacademy.com\/wp-content\/uploads\/2025\/08\/20240423_201622994_PNG-scaled.jpg\" \/>\n\t<meta property=\"og:image:width\" content=\"2560\" \/>\n\t<meta property=\"og:image:height\" content=\"1829\" \/>\n\t<meta property=\"og:image:type\" content=\"image\/jpeg\" \/>\n<meta name=\"twitter:card\" content=\"summary_large_image\" \/>\n<meta name=\"twitter:label1\" content=\"Tiempo de lectura\" \/>\n\t<meta name=\"twitter:data1\" content=\"1 minuto\" \/>\n<script type=\"application\/ld+json\" class=\"yoast-schema-graph\">{\"@context\":\"https:\\\/\\\/schema.org\",\"@graph\":[{\"@type\":\"WebPage\",\"@id\":\"https:\\\/\\\/northamericanwindacademy.com\\\/our-courses\\\/gwo-advanced-rescue-training-art\\\/\",\"url\":\"https:\\\/\\\/northamericanwindacademy.com\\\/our-courses\\\/gwo-advanced-rescue-training-art\\\/\",\"name\":\"GWO Advanced Rescue Training (ART) - North American Wind Academy\",\"isPartOf\":{\"@id\":\"https:\\\/\\\/northamericanwindacademy.com\\\/#website\"},\"primaryImageOfPage\":{\"@id\":\"https:\\\/\\\/northamericanwindacademy.com\\\/our-courses\\\/gwo-advanced-rescue-training-art\\\/#primaryimage\"},\"image\":{\"@id\":\"https:\\\/\\\/northamericanwindacademy.com\\\/our-courses\\\/gwo-advanced-rescue-training-art\\\/#primaryimage\"},\"thumbnailUrl\":\"https:\\\/\\\/northamericanwindacademy.com\\\/wp-content\\\/uploads\\\/2025\\\/08\\\/20240423_201622994_PNG-scaled.jpg\",\"datePublished\":\"2025-08-13T13:58:58+00:00\",\"dateModified\":\"2025-11-17T15:25:05+00:00\",\"breadcrumb\":{\"@id\":\"https:\\\/\\\/northamericanwindacademy.com\\\/our-courses\\\/gwo-advanced-rescue-training-art\\\/#breadcrumb\"},\"inLanguage\":\"es\",\"potentialAction\":[{\"@type\":\"ReadAction\",\"target\":[\"https:\\\/\\\/northamericanwindacademy.com\\\/our-courses\\\/gwo-advanced-rescue-training-art\\\/\"]}]},{\"@type\":\"ImageObject\",\"inLanguage\":\"es\",\"@id\":\"https:\\\/\\\/northamericanwindacademy.com\\\/our-courses\\\/gwo-advanced-rescue-training-art\\\/#primaryimage\",\"url\":\"https:\\\/\\\/northamericanwindacademy.com\\\/wp-content\\\/uploads\\\/2025\\\/08\\\/20240423_201622994_PNG-scaled.jpg\",\"contentUrl\":\"https:\\\/\\\/northamericanwindacademy.com\\\/wp-content\\\/uploads\\\/2025\\\/08\\\/20240423_201622994_PNG-scaled.jpg\",\"width\":2560,\"height\":1829,\"caption\":\"Wind turbine technician descending from training structure\"},{\"@type\":\"BreadcrumbList\",\"@id\":\"https:\\\/\\\/northamericanwindacademy.com\\\/our-courses\\\/gwo-advanced-rescue-training-art\\\/#breadcrumb\",\"itemListElement\":[{\"@type\":\"ListItem\",\"position\":1,\"name\":\"Home\",\"item\":\"https:\\\/\\\/northamericanwindacademy.com\\\/\"},{\"@type\":\"ListItem\",\"position\":2,\"name\":\"Our Courses\",\"item\":\"https:\\\/\\\/northamericanwindacademy.com\\\/our-courses\\\/\"},{\"@type\":\"ListItem\",\"position\":3,\"name\":\"GWO Advanced Rescue Training (ART)\"}]},{\"@type\":\"WebSite\",\"@id\":\"https:\\\/\\\/northamericanwindacademy.com\\\/#website\",\"url\":\"https:\\\/\\\/northamericanwindacademy.com\\\/\",\"name\":\"North American Wind Academy\",\"description\":\"Wind Industry Training Provider for North America\",\"publisher\":{\"@id\":\"https:\\\/\\\/northamericanwindacademy.com\\\/#organization\"},\"potentialAction\":[{\"@type\":\"SearchAction\",\"target\":{\"@type\":\"EntryPoint\",\"urlTemplate\":\"https:\\\/\\\/northamericanwindacademy.com\\\/?s={search_term_string}\"},\"query-input\":{\"@type\":\"PropertyValueSpecification\",\"valueRequired\":true,\"valueName\":\"search_term_string\"}}],\"inLanguage\":\"es\"},{\"@type\":\"Organization\",\"@id\":\"https:\\\/\\\/northamericanwindacademy.com\\\/#organization\",\"name\":\"North American Wind Academy\",\"url\":\"https:\\\/\\\/northamericanwindacademy.com\\\/\",\"logo\":{\"@type\":\"ImageObject\",\"inLanguage\":\"es\",\"@id\":\"https:\\\/\\\/northamericanwindacademy.com\\\/#\\\/schema\\\/logo\\\/image\\\/\",\"url\":\"https:\\\/\\\/northamericanwindacademy.com\\\/wp-content\\\/uploads\\\/2025\\\/08\\\/NAWA-Logo-scaled.png\",\"contentUrl\":\"https:\\\/\\\/northamericanwindacademy.com\\\/wp-content\\\/uploads\\\/2025\\\/08\\\/NAWA-Logo-scaled.png\",\"width\":2560,\"height\":591,\"caption\":\"North American Wind Academy\"},\"image\":{\"@id\":\"https:\\\/\\\/northamericanwindacademy.com\\\/#\\\/schema\\\/logo\\\/image\\\/\"}}]}<\/script>\n<!-- \/ Yoast SEO plugin. -->","yoast_head_json":{"title":"GWO Advanced Rescue Training (ART) - North American Wind Academy","robots":{"index":"index","follow":"follow","max-snippet":"max-snippet:-1","max-image-preview":"max-image-preview:large","max-video-preview":"max-video-preview:-1"},"canonical":"https:\/\/northamericanwindacademy.com\/es\/our-courses\/gwo-advanced-rescue-training-art\/","og_locale":"es_MX","og_type":"article","og_title":"GWO Advanced Rescue Training (ART) - North American Wind Academy","og_description":"Proficiency in advanced rescue techniques is crucial for safe and efficient wind turbine operations. The towering structures and intricate designs of wind turbines present unique challenges even for seasoned professionals. Recognizing this need, the North American Wind Academy offers GWO Advanced Rescue Training (ART), an advanced program tailored for those who aim to stand out in their field by being adept in advanced rescue operations, especially within the confines of a Wind Turbine Generator (WTG).","og_url":"https:\/\/northamericanwindacademy.com\/es\/our-courses\/gwo-advanced-rescue-training-art\/","og_site_name":"North American Wind Academy","article_modified_time":"2025-11-17T15:25:05+00:00","og_image":[{"width":2560,"height":1829,"url":"https:\/\/northamericanwindacademy.com\/wp-content\/uploads\/2025\/08\/20240423_201622994_PNG-scaled.jpg","type":"image\/jpeg"}],"twitter_card":"summary_large_image","twitter_misc":{"Tiempo de lectura":"1 minuto"},"schema":{"@context":"https:\/\/schema.org","@graph":[{"@type":"WebPage","@id":"https:\/\/northamericanwindacademy.com\/our-courses\/gwo-advanced-rescue-training-art\/","url":"https:\/\/northamericanwindacademy.com\/our-courses\/gwo-advanced-rescue-training-art\/","name":"GWO Advanced Rescue Training (ART) - North American Wind Academy","isPartOf":{"@id":"https:\/\/northamericanwindacademy.com\/#website"},"primaryImageOfPage":{"@id":"https:\/\/northamericanwindacademy.com\/our-courses\/gwo-advanced-rescue-training-art\/#primaryimage"},"image":{"@id":"https:\/\/northamericanwindacademy.com\/our-courses\/gwo-advanced-rescue-training-art\/#primaryimage"},"thumbnailUrl":"https:\/\/northamericanwindacademy.com\/wp-content\/uploads\/2025\/08\/20240423_201622994_PNG-scaled.jpg","datePublished":"2025-08-13T13:58:58+00:00","dateModified":"2025-11-17T15:25:05+00:00","breadcrumb":{"@id":"https:\/\/northamericanwindacademy.com\/our-courses\/gwo-advanced-rescue-training-art\/#breadcrumb"},"inLanguage":"es","potentialAction":[{"@type":"ReadAction","target":["https:\/\/northamericanwindacademy.com\/our-courses\/gwo-advanced-rescue-training-art\/"]}]},{"@type":"ImageObject","inLanguage":"es","@id":"https:\/\/northamericanwindacademy.com\/our-courses\/gwo-advanced-rescue-training-art\/#primaryimage","url":"https:\/\/northamericanwindacademy.com\/wp-content\/uploads\/2025\/08\/20240423_201622994_PNG-scaled.jpg","contentUrl":"https:\/\/northamericanwindacademy.com\/wp-content\/uploads\/2025\/08\/20240423_201622994_PNG-scaled.jpg","width":2560,"height":1829,"caption":"Wind turbine technician descending from training structure"},{"@type":"BreadcrumbList","@id":"https:\/\/northamericanwindacademy.com\/our-courses\/gwo-advanced-rescue-training-art\/#breadcrumb","itemListElement":[{"@type":"ListItem","position":1,"name":"Home","item":"https:\/\/northamericanwindacademy.com\/"},{"@type":"ListItem","position":2,"name":"Our Courses","item":"https:\/\/northamericanwindacademy.com\/our-courses\/"},{"@type":"ListItem","position":3,"name":"GWO Advanced Rescue Training (ART)"}]},{"@type":"WebSite","@id":"https:\/\/northamericanwindacademy.com\/#website","url":"https:\/\/northamericanwindacademy.com\/","name":"North American Wind Academy","description":"Wind Industry Training Provider for North America","publisher":{"@id":"https:\/\/northamericanwindacademy.com\/#organization"},"potentialAction":[{"@type":"SearchAction","target":{"@type":"EntryPoint","urlTemplate":"https:\/\/northamericanwindacademy.com\/?s={search_term_string}"},"query-input":{"@type":"PropertyValueSpecification","valueRequired":true,"valueName":"search_term_string"}}],"inLanguage":"es"},{"@type":"Organization","@id":"https:\/\/northamericanwindacademy.com\/#organization","name":"North American Wind Academy","url":"https:\/\/northamericanwindacademy.com\/","logo":{"@type":"ImageObject","inLanguage":"es","@id":"https:\/\/northamericanwindacademy.com\/#\/schema\/logo\/image\/","url":"https:\/\/northamericanwindacademy.com\/wp-content\/uploads\/2025\/08\/NAWA-Logo-scaled.png","contentUrl":"https:\/\/northamericanwindacademy.com\/wp-content\/uploads\/2025\/08\/NAWA-Logo-scaled.png","width":2560,"height":591,"caption":"North American Wind Academy"},"image":{"@id":"https:\/\/northamericanwindacademy.com\/#\/schema\/logo\/image\/"}}]}},"_links":{"self":[{"href":"https:\/\/northamericanwindacademy.com\/es\/wp-json\/wp\/v2\/product\/412","targetHints":{"allow":["GET"]}}],"collection":[{"href":"https:\/\/northamericanwindacademy.com\/es\/wp-json\/wp\/v2\/product"}],"about":[{"href":"https:\/\/northamericanwindacademy.com\/es\/wp-json\/wp\/v2\/types\/product"}],"version-history":[{"count":16,"href":"https:\/\/northamericanwindacademy.com\/es\/wp-json\/wp\/v2\/product\/412\/revisions"}],"predecessor-version":[{"id":2168,"href":"https:\/\/northamericanwindacademy.com\/es\/wp-json\/wp\/v2\/product\/412\/revisions\/2168"}],"wp:featuredmedia":[{"embeddable":true,"href":"https:\/\/northamericanwindacademy.com\/es\/wp-json\/wp\/v2\/media\/68"}],"wp:attachment":[{"href":"https:\/\/northamericanwindacademy.com\/es\/wp-json\/wp\/v2\/media?parent=412"}],"wp:term":[{"taxonomy":"product_brand","embeddable":true,"href":"https:\/\/northamericanwindacademy.com\/es\/wp-json\/wp\/v2\/product_brand?post=412"},{"taxonomy":"product_cat","embeddable":true,"href":"https:\/\/northamericanwindacademy.com\/es\/wp-json\/wp\/v2\/product_cat?post=412"},{"taxonomy":"product_tag","embeddable":true,"href":"https:\/\/northamericanwindacademy.com\/es\/wp-json\/wp\/v2\/product_tag?post=412"}],"curies":[{"name":"wp","href":"https:\/\/api.w.org\/{rel}","templated":true}]}}