{"id":413,"date":"2025-08-13T13:59:49","date_gmt":"2025-08-13T13:59:49","guid":{"rendered":"https:\/\/northamericanwindacademy.com\/?post_type=product&#038;p=413"},"modified":"2025-11-17T15:25:42","modified_gmt":"2025-11-17T15:25:42","slug":"gwo-basic-technical-training-btt","status":"publish","type":"product","link":"https:\/\/northamericanwindacademy.com\/es\/our-courses\/gwo-basic-technical-training-btt\/","title":{"rendered":"GWO Formaci\u00f3n T\u00e9cnica B\u00e1sica (BTT)"},"content":{"rendered":"<p>Volume discounts available.<\/p>\n<p><strong>Duraci\u00f3n del curso:<\/strong> 5 D\u00edas<\/p>\n<p><strong>Revalidaci\u00f3n: <\/strong> No hay requisito de revalidaci\u00f3n para este programa de formaci\u00f3n.<\/p>\n<p><strong>Art\u00edculos para llevar:<\/strong>\u00a0Documento de identificaci\u00f3n fotogr\u00e1fica emitido por el gobierno, p. ej. licencia de conducir o pasaporte, y botas de seguridad para trabajar.<\/p>\n<p><strong>Idioma<\/strong>\u00a0Formaci\u00f3n disponible en ingl\u00e9s\/espa\u00f1ol.<\/p>\n<h5><\/h5>\n<h5 class=\"product-page--content-block--info--section--title font-favorite\"><b style=\"font-size: 16px;\">Este curso incluir\u00e1:<\/b><\/h5>\n<ul>\n<li>Concienciaci\u00f3n de los riesgos en sistemas hidr\u00e1ulicos, mec\u00e1nicos, el\u00e9ctricos, de instalaci\u00f3n y de apriete de pernos, con habilidades para controlar y mitigar los riesgos.<\/li>\n<li>Capacidad para realizar tareas b\u00e1sicas en estas \u00e1reas bajo supervisi\u00f3n, siguiendo pr\u00e1cticas de seguridad est\u00e1ndar de la industria.<\/li>\n<\/ul>\n<div id=\"more_info\" class=\"product-page--content-block--info--section more-info\"><\/div>","protected":false},"excerpt":{"rendered":"<p>El curso de Formaci\u00f3n T\u00e9cnica B\u00e1sica (BTT) de GWO es el est\u00e1ndar para el trabajo t\u00e9cnico en generadores de aerogeneradores. Con equipos de \u00faltima generaci\u00f3n y liderazgo t\u00e9cnico, nuestra Formaci\u00f3n T\u00e9cnica B\u00e1sica (BTT) de GWO est\u00e1 dise\u00f1ada para dotar a los individuos de habilidades t\u00e9cnicas esenciales para las operaciones de aerogeneradores, cumpliendo con los m\u00e1s altos est\u00e1ndares de la industria.<\/p>","protected":false},"featured_media":928,"template":"","meta":{"content-type":"","_monsterinsights_skip_tracking":false,"_monsterinsights_sitenote_active":false,"_monsterinsights_sitenote_note":"","_monsterinsights_sitenote_category":0},"product_brand":[],"product_cat":[34],"product_tag":[],"class_list":{"0":"post-413","1":"product","2":"type-product","3":"status-publish","4":"has-post-thumbnail","6":"product_cat-gwo-course","8":"first","9":"instock","10":"sold-individually","11":"shipping-taxable","12":"purchasable","13":"product-type-phive_booking"},"yoast_head":"<!-- This site is optimized with the Yoast SEO plugin v27.3 - https:\/\/yoast.com\/product\/yoast-seo-wordpress\/ -->\n<title>GWO Basic Technical Training (BTT) - North American Wind Academy<\/title>\n<meta name=\"robots\" content=\"index, follow, max-snippet:-1, max-image-preview:large, max-video-preview:-1\" \/>\n<link rel=\"canonical\" href=\"https:\/\/northamericanwindacademy.com\/es\/our-courses\/gwo-basic-technical-training-btt\/\" \/>\n<meta property=\"og:locale\" content=\"es_MX\" \/>\n<meta property=\"og:type\" content=\"article\" \/>\n<meta property=\"og:title\" content=\"GWO Basic Technical Training (BTT) - North American Wind Academy\" \/>\n<meta property=\"og:description\" content=\"The GWO Basic Technical Training (BTT) course is the standard for technical work in wind turbine generators. With state-of-the-art equipment and technical leadership, our GWO Basic Technical Training (BTT) is designed to arm individuals with essential technical skills for wind turbine operations, adhering to the highest industry standards.\" \/>\n<meta property=\"og:url\" content=\"https:\/\/northamericanwindacademy.com\/es\/our-courses\/gwo-basic-technical-training-btt\/\" \/>\n<meta property=\"og:site_name\" content=\"North American Wind Academy\" \/>\n<meta property=\"article:modified_time\" content=\"2025-11-17T15:25:42+00:00\" \/>\n<meta property=\"og:image\" content=\"https:\/\/northamericanwindacademy.com\/wp-content\/uploads\/2025\/08\/Techs-in-turbine.jpg\" \/>\n\t<meta property=\"og:image:width\" content=\"1707\" \/>\n\t<meta property=\"og:image:height\" content=\"960\" \/>\n\t<meta property=\"og:image:type\" content=\"image\/jpeg\" \/>\n<meta name=\"twitter:card\" content=\"summary_large_image\" \/>\n<meta name=\"twitter:label1\" content=\"Tiempo de lectura\" \/>\n\t<meta name=\"twitter:data1\" content=\"1 minuto\" \/>\n<script type=\"application\/ld+json\" class=\"yoast-schema-graph\">{\"@context\":\"https:\\\/\\\/schema.org\",\"@graph\":[{\"@type\":\"WebPage\",\"@id\":\"https:\\\/\\\/northamericanwindacademy.com\\\/our-courses\\\/gwo-basic-technical-training-btt\\\/\",\"url\":\"https:\\\/\\\/northamericanwindacademy.com\\\/our-courses\\\/gwo-basic-technical-training-btt\\\/\",\"name\":\"GWO Basic Technical Training (BTT) - North American Wind Academy\",\"isPartOf\":{\"@id\":\"https:\\\/\\\/northamericanwindacademy.com\\\/#website\"},\"primaryImageOfPage\":{\"@id\":\"https:\\\/\\\/northamericanwindacademy.com\\\/our-courses\\\/gwo-basic-technical-training-btt\\\/#primaryimage\"},\"image\":{\"@id\":\"https:\\\/\\\/northamericanwindacademy.com\\\/our-courses\\\/gwo-basic-technical-training-btt\\\/#primaryimage\"},\"thumbnailUrl\":\"https:\\\/\\\/northamericanwindacademy.com\\\/wp-content\\\/uploads\\\/2025\\\/08\\\/Techs-in-turbine.jpg\",\"datePublished\":\"2025-08-13T13:59:49+00:00\",\"dateModified\":\"2025-11-17T15:25:42+00:00\",\"breadcrumb\":{\"@id\":\"https:\\\/\\\/northamericanwindacademy.com\\\/our-courses\\\/gwo-basic-technical-training-btt\\\/#breadcrumb\"},\"inLanguage\":\"es\",\"potentialAction\":[{\"@type\":\"ReadAction\",\"target\":[\"https:\\\/\\\/northamericanwindacademy.com\\\/our-courses\\\/gwo-basic-technical-training-btt\\\/\"]}]},{\"@type\":\"ImageObject\",\"inLanguage\":\"es\",\"@id\":\"https:\\\/\\\/northamericanwindacademy.com\\\/our-courses\\\/gwo-basic-technical-training-btt\\\/#primaryimage\",\"url\":\"https:\\\/\\\/northamericanwindacademy.com\\\/wp-content\\\/uploads\\\/2025\\\/08\\\/Techs-in-turbine.jpg\",\"contentUrl\":\"https:\\\/\\\/northamericanwindacademy.com\\\/wp-content\\\/uploads\\\/2025\\\/08\\\/Techs-in-turbine.jpg\",\"width\":1707,\"height\":960},{\"@type\":\"BreadcrumbList\",\"@id\":\"https:\\\/\\\/northamericanwindacademy.com\\\/our-courses\\\/gwo-basic-technical-training-btt\\\/#breadcrumb\",\"itemListElement\":[{\"@type\":\"ListItem\",\"position\":1,\"name\":\"Home\",\"item\":\"https:\\\/\\\/northamericanwindacademy.com\\\/\"},{\"@type\":\"ListItem\",\"position\":2,\"name\":\"Our Courses\",\"item\":\"https:\\\/\\\/northamericanwindacademy.com\\\/our-courses\\\/\"},{\"@type\":\"ListItem\",\"position\":3,\"name\":\"GWO Basic Technical Training (BTT)\"}]},{\"@type\":\"WebSite\",\"@id\":\"https:\\\/\\\/northamericanwindacademy.com\\\/#website\",\"url\":\"https:\\\/\\\/northamericanwindacademy.com\\\/\",\"name\":\"North American Wind Academy\",\"description\":\"Wind Industry Training Provider for North America\",\"publisher\":{\"@id\":\"https:\\\/\\\/northamericanwindacademy.com\\\/#organization\"},\"potentialAction\":[{\"@type\":\"SearchAction\",\"target\":{\"@type\":\"EntryPoint\",\"urlTemplate\":\"https:\\\/\\\/northamericanwindacademy.com\\\/?s={search_term_string}\"},\"query-input\":{\"@type\":\"PropertyValueSpecification\",\"valueRequired\":true,\"valueName\":\"search_term_string\"}}],\"inLanguage\":\"es\"},{\"@type\":\"Organization\",\"@id\":\"https:\\\/\\\/northamericanwindacademy.com\\\/#organization\",\"name\":\"North American Wind Academy\",\"url\":\"https:\\\/\\\/northamericanwindacademy.com\\\/\",\"logo\":{\"@type\":\"ImageObject\",\"inLanguage\":\"es\",\"@id\":\"https:\\\/\\\/northamericanwindacademy.com\\\/#\\\/schema\\\/logo\\\/image\\\/\",\"url\":\"https:\\\/\\\/northamericanwindacademy.com\\\/wp-content\\\/uploads\\\/2025\\\/08\\\/NAWA-Logo-scaled.png\",\"contentUrl\":\"https:\\\/\\\/northamericanwindacademy.com\\\/wp-content\\\/uploads\\\/2025\\\/08\\\/NAWA-Logo-scaled.png\",\"width\":2560,\"height\":591,\"caption\":\"North American Wind Academy\"},\"image\":{\"@id\":\"https:\\\/\\\/northamericanwindacademy.com\\\/#\\\/schema\\\/logo\\\/image\\\/\"}}]}<\/script>\n<!-- \/ Yoast SEO plugin. -->","yoast_head_json":{"title":"GWO Basic Technical Training (BTT) - North American Wind Academy","robots":{"index":"index","follow":"follow","max-snippet":"max-snippet:-1","max-image-preview":"max-image-preview:large","max-video-preview":"max-video-preview:-1"},"canonical":"https:\/\/northamericanwindacademy.com\/es\/our-courses\/gwo-basic-technical-training-btt\/","og_locale":"es_MX","og_type":"article","og_title":"GWO Basic Technical Training (BTT) - North American Wind Academy","og_description":"The GWO Basic Technical Training (BTT) course is the standard for technical work in wind turbine generators. With state-of-the-art equipment and technical leadership, our GWO Basic Technical Training (BTT) is designed to arm individuals with essential technical skills for wind turbine operations, adhering to the highest industry standards.","og_url":"https:\/\/northamericanwindacademy.com\/es\/our-courses\/gwo-basic-technical-training-btt\/","og_site_name":"North American Wind Academy","article_modified_time":"2025-11-17T15:25:42+00:00","og_image":[{"width":1707,"height":960,"url":"https:\/\/northamericanwindacademy.com\/wp-content\/uploads\/2025\/08\/Techs-in-turbine.jpg","type":"image\/jpeg"}],"twitter_card":"summary_large_image","twitter_misc":{"Tiempo de lectura":"1 minuto"},"schema":{"@context":"https:\/\/schema.org","@graph":[{"@type":"WebPage","@id":"https:\/\/northamericanwindacademy.com\/our-courses\/gwo-basic-technical-training-btt\/","url":"https:\/\/northamericanwindacademy.com\/our-courses\/gwo-basic-technical-training-btt\/","name":"GWO Basic Technical Training (BTT) - North American Wind Academy","isPartOf":{"@id":"https:\/\/northamericanwindacademy.com\/#website"},"primaryImageOfPage":{"@id":"https:\/\/northamericanwindacademy.com\/our-courses\/gwo-basic-technical-training-btt\/#primaryimage"},"image":{"@id":"https:\/\/northamericanwindacademy.com\/our-courses\/gwo-basic-technical-training-btt\/#primaryimage"},"thumbnailUrl":"https:\/\/northamericanwindacademy.com\/wp-content\/uploads\/2025\/08\/Techs-in-turbine.jpg","datePublished":"2025-08-13T13:59:49+00:00","dateModified":"2025-11-17T15:25:42+00:00","breadcrumb":{"@id":"https:\/\/northamericanwindacademy.com\/our-courses\/gwo-basic-technical-training-btt\/#breadcrumb"},"inLanguage":"es","potentialAction":[{"@type":"ReadAction","target":["https:\/\/northamericanwindacademy.com\/our-courses\/gwo-basic-technical-training-btt\/"]}]},{"@type":"ImageObject","inLanguage":"es","@id":"https:\/\/northamericanwindacademy.com\/our-courses\/gwo-basic-technical-training-btt\/#primaryimage","url":"https:\/\/northamericanwindacademy.com\/wp-content\/uploads\/2025\/08\/Techs-in-turbine.jpg","contentUrl":"https:\/\/northamericanwindacademy.com\/wp-content\/uploads\/2025\/08\/Techs-in-turbine.jpg","width":1707,"height":960},{"@type":"BreadcrumbList","@id":"https:\/\/northamericanwindacademy.com\/our-courses\/gwo-basic-technical-training-btt\/#breadcrumb","itemListElement":[{"@type":"ListItem","position":1,"name":"Home","item":"https:\/\/northamericanwindacademy.com\/"},{"@type":"ListItem","position":2,"name":"Our Courses","item":"https:\/\/northamericanwindacademy.com\/our-courses\/"},{"@type":"ListItem","position":3,"name":"GWO Basic Technical Training (BTT)"}]},{"@type":"WebSite","@id":"https:\/\/northamericanwindacademy.com\/#website","url":"https:\/\/northamericanwindacademy.com\/","name":"North American Wind Academy","description":"Wind Industry Training Provider for North America","publisher":{"@id":"https:\/\/northamericanwindacademy.com\/#organization"},"potentialAction":[{"@type":"SearchAction","target":{"@type":"EntryPoint","urlTemplate":"https:\/\/northamericanwindacademy.com\/?s={search_term_string}"},"query-input":{"@type":"PropertyValueSpecification","valueRequired":true,"valueName":"search_term_string"}}],"inLanguage":"es"},{"@type":"Organization","@id":"https:\/\/northamericanwindacademy.com\/#organization","name":"North American Wind Academy","url":"https:\/\/northamericanwindacademy.com\/","logo":{"@type":"ImageObject","inLanguage":"es","@id":"https:\/\/northamericanwindacademy.com\/#\/schema\/logo\/image\/","url":"https:\/\/northamericanwindacademy.com\/wp-content\/uploads\/2025\/08\/NAWA-Logo-scaled.png","contentUrl":"https:\/\/northamericanwindacademy.com\/wp-content\/uploads\/2025\/08\/NAWA-Logo-scaled.png","width":2560,"height":591,"caption":"North American Wind Academy"},"image":{"@id":"https:\/\/northamericanwindacademy.com\/#\/schema\/logo\/image\/"}}]}},"_links":{"self":[{"href":"https:\/\/northamericanwindacademy.com\/es\/wp-json\/wp\/v2\/product\/413","targetHints":{"allow":["GET"]}}],"collection":[{"href":"https:\/\/northamericanwindacademy.com\/es\/wp-json\/wp\/v2\/product"}],"about":[{"href":"https:\/\/northamericanwindacademy.com\/es\/wp-json\/wp\/v2\/types\/product"}],"version-history":[{"count":7,"href":"https:\/\/northamericanwindacademy.com\/es\/wp-json\/wp\/v2\/product\/413\/revisions"}],"predecessor-version":[{"id":2169,"href":"https:\/\/northamericanwindacademy.com\/es\/wp-json\/wp\/v2\/product\/413\/revisions\/2169"}],"wp:featuredmedia":[{"embeddable":true,"href":"https:\/\/northamericanwindacademy.com\/es\/wp-json\/wp\/v2\/media\/928"}],"wp:attachment":[{"href":"https:\/\/northamericanwindacademy.com\/es\/wp-json\/wp\/v2\/media?parent=413"}],"wp:term":[{"taxonomy":"product_brand","embeddable":true,"href":"https:\/\/northamericanwindacademy.com\/es\/wp-json\/wp\/v2\/product_brand?post=413"},{"taxonomy":"product_cat","embeddable":true,"href":"https:\/\/northamericanwindacademy.com\/es\/wp-json\/wp\/v2\/product_cat?post=413"},{"taxonomy":"product_tag","embeddable":true,"href":"https:\/\/northamericanwindacademy.com\/es\/wp-json\/wp\/v2\/product_tag?post=413"}],"curies":[{"name":"wp","href":"https:\/\/api.w.org\/{rel}","templated":true}]}}