{"id":414,"date":"2025-08-13T14:00:25","date_gmt":"2025-08-13T14:00:25","guid":{"rendered":"https:\/\/northamericanwindacademy.com\/?post_type=product&#038;p=414"},"modified":"2025-11-17T15:27:03","modified_gmt":"2025-11-17T15:27:03","slug":"gwo-blade-repair-br","status":"publish","type":"product","link":"https:\/\/northamericanwindacademy.com\/es\/our-courses\/gwo-blade-repair-br\/","title":{"rendered":"Reparaci\u00f3n de cuchillas GWO (BR)"},"content":{"rendered":"<p>Volume discounts available.<\/p>\n<p><strong>Duraci\u00f3n del curso:<\/strong> 9 D\u00edas<\/p>\n<p><strong>Revalidaci\u00f3n:<\/strong> No hay requisito de revalidaci\u00f3n para este programa de formaci\u00f3n.<\/p>\n<p><strong>Art\u00edculos para llevar:<\/strong> Documento de identificaci\u00f3n fotogr\u00e1fica emitido por el gobierno, p. ej. licencia de conducir o pasaporte, y botas de seguridad para trabajar.<\/p>\n<p><strong>Idioma<\/strong> Formaci\u00f3n disponible en ingl\u00e9s\/espa\u00f1ol.<\/p>","protected":false},"excerpt":{"rendered":"<p>El m\u00f3dulo de Reparaci\u00f3n de Palas (BR) de GWO en la Academia de Energ\u00eda E\u00f3lica de Am\u00e9rica del Norte es un programa de formaci\u00f3n especializado que capacita a los participantes con un conocimiento profundo de la inspecci\u00f3n y reparaci\u00f3n de palas de aerogeneradores.<\/p>\n<p>Durante la duraci\u00f3n del curso, aprender\u00e1s a fabricar una selecci\u00f3n de palas de turbina e\u00f3lica. Ser\u00e1s capaz de completar con competencia procesos id\u00e9nticos a los utilizados en f\u00e1bricas especializadas en la producci\u00f3n de palas en todo el mundo. Ver\u00e1s los efectos de da\u00f1os comunes causados por la erosi\u00f3n del clima, el estr\u00e9s y la flexi\u00f3n de la pala, la delaminaci\u00f3n, los rayos y mucho m\u00e1s. Tambi\u00e9n aprender\u00e1s a identificar, inspeccionar y reparar estos problemas para restaurar la pala a su plena eficiencia.<\/p>","protected":false},"featured_media":75,"template":"","meta":{"content-type":"","_monsterinsights_skip_tracking":false,"_monsterinsights_sitenote_active":false,"_monsterinsights_sitenote_note":"","_monsterinsights_sitenote_category":0},"product_brand":[],"product_cat":[34],"product_tag":[],"class_list":{"0":"post-414","1":"product","2":"type-product","3":"status-publish","4":"has-post-thumbnail","6":"product_cat-gwo-course","8":"first","9":"instock","10":"sold-individually","11":"shipping-taxable","12":"purchasable","13":"product-type-phive_booking"},"yoast_head":"<!-- This site is optimized with the Yoast SEO plugin v27.3 - https:\/\/yoast.com\/product\/yoast-seo-wordpress\/ -->\n<title>GWO Blade Repair (BR) - North American Wind Academy<\/title>\n<meta name=\"description\" content=\"The GWO Blade Repair (BR) module equips participants with an in-depth understanding of wind turbine blade inspection and repair.\" \/>\n<meta name=\"robots\" content=\"index, follow, max-snippet:-1, max-image-preview:large, max-video-preview:-1\" \/>\n<link rel=\"canonical\" href=\"https:\/\/northamericanwindacademy.com\/es\/our-courses\/gwo-blade-repair-br\/\" \/>\n<meta property=\"og:locale\" content=\"es_MX\" \/>\n<meta property=\"og:type\" content=\"article\" \/>\n<meta property=\"og:title\" content=\"GWO Blade Repair (BR) - North American Wind Academy\" \/>\n<meta property=\"og:description\" content=\"The GWO Blade Repair (BR) module equips participants with an in-depth understanding of wind turbine blade inspection and repair.\" \/>\n<meta property=\"og:url\" content=\"https:\/\/northamericanwindacademy.com\/es\/our-courses\/gwo-blade-repair-br\/\" \/>\n<meta property=\"og:site_name\" content=\"North American Wind Academy\" \/>\n<meta property=\"article:modified_time\" content=\"2025-11-17T15:27:03+00:00\" \/>\n<meta property=\"og:image\" content=\"https:\/\/northamericanwindacademy.com\/wp-content\/uploads\/2025\/08\/430007418_1463988647519238_5533602802303880169_n-scaled.jpg\" \/>\n\t<meta property=\"og:image:width\" content=\"1920\" \/>\n\t<meta property=\"og:image:height\" content=\"2560\" \/>\n\t<meta property=\"og:image:type\" content=\"image\/jpeg\" \/>\n<meta name=\"twitter:card\" content=\"summary_large_image\" \/>\n<meta name=\"twitter:label1\" content=\"Tiempo de lectura\" \/>\n\t<meta name=\"twitter:data1\" content=\"1 minuto\" \/>\n<script type=\"application\/ld+json\" class=\"yoast-schema-graph\">{\"@context\":\"https:\\\/\\\/schema.org\",\"@graph\":[{\"@type\":\"WebPage\",\"@id\":\"https:\\\/\\\/northamericanwindacademy.com\\\/our-courses\\\/gwo-blade-repair-br\\\/\",\"url\":\"https:\\\/\\\/northamericanwindacademy.com\\\/our-courses\\\/gwo-blade-repair-br\\\/\",\"name\":\"GWO Blade Repair (BR) - North American Wind Academy\",\"isPartOf\":{\"@id\":\"https:\\\/\\\/northamericanwindacademy.com\\\/#website\"},\"primaryImageOfPage\":{\"@id\":\"https:\\\/\\\/northamericanwindacademy.com\\\/our-courses\\\/gwo-blade-repair-br\\\/#primaryimage\"},\"image\":{\"@id\":\"https:\\\/\\\/northamericanwindacademy.com\\\/our-courses\\\/gwo-blade-repair-br\\\/#primaryimage\"},\"thumbnailUrl\":\"https:\\\/\\\/northamericanwindacademy.com\\\/wp-content\\\/uploads\\\/2025\\\/08\\\/430007418_1463988647519238_5533602802303880169_n-scaled.jpg\",\"datePublished\":\"2025-08-13T14:00:25+00:00\",\"dateModified\":\"2025-11-17T15:27:03+00:00\",\"description\":\"The GWO Blade Repair (BR) module equips participants with an in-depth understanding of wind turbine blade inspection and repair.\",\"breadcrumb\":{\"@id\":\"https:\\\/\\\/northamericanwindacademy.com\\\/our-courses\\\/gwo-blade-repair-br\\\/#breadcrumb\"},\"inLanguage\":\"es\",\"potentialAction\":[{\"@type\":\"ReadAction\",\"target\":[\"https:\\\/\\\/northamericanwindacademy.com\\\/our-courses\\\/gwo-blade-repair-br\\\/\"]}]},{\"@type\":\"ImageObject\",\"inLanguage\":\"es\",\"@id\":\"https:\\\/\\\/northamericanwindacademy.com\\\/our-courses\\\/gwo-blade-repair-br\\\/#primaryimage\",\"url\":\"https:\\\/\\\/northamericanwindacademy.com\\\/wp-content\\\/uploads\\\/2025\\\/08\\\/430007418_1463988647519238_5533602802303880169_n-scaled.jpg\",\"contentUrl\":\"https:\\\/\\\/northamericanwindacademy.com\\\/wp-content\\\/uploads\\\/2025\\\/08\\\/430007418_1463988647519238_5533602802303880169_n-scaled.jpg\",\"width\":1920,\"height\":2560},{\"@type\":\"BreadcrumbList\",\"@id\":\"https:\\\/\\\/northamericanwindacademy.com\\\/our-courses\\\/gwo-blade-repair-br\\\/#breadcrumb\",\"itemListElement\":[{\"@type\":\"ListItem\",\"position\":1,\"name\":\"Home\",\"item\":\"https:\\\/\\\/northamericanwindacademy.com\\\/\"},{\"@type\":\"ListItem\",\"position\":2,\"name\":\"Our Courses\",\"item\":\"https:\\\/\\\/northamericanwindacademy.com\\\/our-courses\\\/\"},{\"@type\":\"ListItem\",\"position\":3,\"name\":\"GWO Blade Repair (BR)\"}]},{\"@type\":\"WebSite\",\"@id\":\"https:\\\/\\\/northamericanwindacademy.com\\\/#website\",\"url\":\"https:\\\/\\\/northamericanwindacademy.com\\\/\",\"name\":\"North American Wind Academy\",\"description\":\"Wind Industry Training Provider for North America\",\"publisher\":{\"@id\":\"https:\\\/\\\/northamericanwindacademy.com\\\/#organization\"},\"potentialAction\":[{\"@type\":\"SearchAction\",\"target\":{\"@type\":\"EntryPoint\",\"urlTemplate\":\"https:\\\/\\\/northamericanwindacademy.com\\\/?s={search_term_string}\"},\"query-input\":{\"@type\":\"PropertyValueSpecification\",\"valueRequired\":true,\"valueName\":\"search_term_string\"}}],\"inLanguage\":\"es\"},{\"@type\":\"Organization\",\"@id\":\"https:\\\/\\\/northamericanwindacademy.com\\\/#organization\",\"name\":\"North American Wind Academy\",\"url\":\"https:\\\/\\\/northamericanwindacademy.com\\\/\",\"logo\":{\"@type\":\"ImageObject\",\"inLanguage\":\"es\",\"@id\":\"https:\\\/\\\/northamericanwindacademy.com\\\/#\\\/schema\\\/logo\\\/image\\\/\",\"url\":\"https:\\\/\\\/northamericanwindacademy.com\\\/wp-content\\\/uploads\\\/2025\\\/08\\\/NAWA-Logo-scaled.png\",\"contentUrl\":\"https:\\\/\\\/northamericanwindacademy.com\\\/wp-content\\\/uploads\\\/2025\\\/08\\\/NAWA-Logo-scaled.png\",\"width\":2560,\"height\":591,\"caption\":\"North American Wind Academy\"},\"image\":{\"@id\":\"https:\\\/\\\/northamericanwindacademy.com\\\/#\\\/schema\\\/logo\\\/image\\\/\"}}]}<\/script>\n<!-- \/ Yoast SEO plugin. -->","yoast_head_json":{"title":"GWO Blade Repair (BR) - North American Wind Academy","description":"The GWO Blade Repair (BR) module equips participants with an in-depth understanding of wind turbine blade inspection and repair.","robots":{"index":"index","follow":"follow","max-snippet":"max-snippet:-1","max-image-preview":"max-image-preview:large","max-video-preview":"max-video-preview:-1"},"canonical":"https:\/\/northamericanwindacademy.com\/es\/our-courses\/gwo-blade-repair-br\/","og_locale":"es_MX","og_type":"article","og_title":"GWO Blade Repair (BR) - North American Wind Academy","og_description":"The GWO Blade Repair (BR) module equips participants with an in-depth understanding of wind turbine blade inspection and repair.","og_url":"https:\/\/northamericanwindacademy.com\/es\/our-courses\/gwo-blade-repair-br\/","og_site_name":"North American Wind Academy","article_modified_time":"2025-11-17T15:27:03+00:00","og_image":[{"width":1920,"height":2560,"url":"https:\/\/northamericanwindacademy.com\/wp-content\/uploads\/2025\/08\/430007418_1463988647519238_5533602802303880169_n-scaled.jpg","type":"image\/jpeg"}],"twitter_card":"summary_large_image","twitter_misc":{"Tiempo de lectura":"1 minuto"},"schema":{"@context":"https:\/\/schema.org","@graph":[{"@type":"WebPage","@id":"https:\/\/northamericanwindacademy.com\/our-courses\/gwo-blade-repair-br\/","url":"https:\/\/northamericanwindacademy.com\/our-courses\/gwo-blade-repair-br\/","name":"GWO Blade Repair (BR) - North American Wind Academy","isPartOf":{"@id":"https:\/\/northamericanwindacademy.com\/#website"},"primaryImageOfPage":{"@id":"https:\/\/northamericanwindacademy.com\/our-courses\/gwo-blade-repair-br\/#primaryimage"},"image":{"@id":"https:\/\/northamericanwindacademy.com\/our-courses\/gwo-blade-repair-br\/#primaryimage"},"thumbnailUrl":"https:\/\/northamericanwindacademy.com\/wp-content\/uploads\/2025\/08\/430007418_1463988647519238_5533602802303880169_n-scaled.jpg","datePublished":"2025-08-13T14:00:25+00:00","dateModified":"2025-11-17T15:27:03+00:00","description":"The GWO Blade Repair (BR) module equips participants with an in-depth understanding of wind turbine blade inspection and repair.","breadcrumb":{"@id":"https:\/\/northamericanwindacademy.com\/our-courses\/gwo-blade-repair-br\/#breadcrumb"},"inLanguage":"es","potentialAction":[{"@type":"ReadAction","target":["https:\/\/northamericanwindacademy.com\/our-courses\/gwo-blade-repair-br\/"]}]},{"@type":"ImageObject","inLanguage":"es","@id":"https:\/\/northamericanwindacademy.com\/our-courses\/gwo-blade-repair-br\/#primaryimage","url":"https:\/\/northamericanwindacademy.com\/wp-content\/uploads\/2025\/08\/430007418_1463988647519238_5533602802303880169_n-scaled.jpg","contentUrl":"https:\/\/northamericanwindacademy.com\/wp-content\/uploads\/2025\/08\/430007418_1463988647519238_5533602802303880169_n-scaled.jpg","width":1920,"height":2560},{"@type":"BreadcrumbList","@id":"https:\/\/northamericanwindacademy.com\/our-courses\/gwo-blade-repair-br\/#breadcrumb","itemListElement":[{"@type":"ListItem","position":1,"name":"Home","item":"https:\/\/northamericanwindacademy.com\/"},{"@type":"ListItem","position":2,"name":"Our Courses","item":"https:\/\/northamericanwindacademy.com\/our-courses\/"},{"@type":"ListItem","position":3,"name":"GWO Blade Repair (BR)"}]},{"@type":"WebSite","@id":"https:\/\/northamericanwindacademy.com\/#website","url":"https:\/\/northamericanwindacademy.com\/","name":"North American Wind Academy","description":"Wind Industry Training Provider for North America","publisher":{"@id":"https:\/\/northamericanwindacademy.com\/#organization"},"potentialAction":[{"@type":"SearchAction","target":{"@type":"EntryPoint","urlTemplate":"https:\/\/northamericanwindacademy.com\/?s={search_term_string}"},"query-input":{"@type":"PropertyValueSpecification","valueRequired":true,"valueName":"search_term_string"}}],"inLanguage":"es"},{"@type":"Organization","@id":"https:\/\/northamericanwindacademy.com\/#organization","name":"North American Wind Academy","url":"https:\/\/northamericanwindacademy.com\/","logo":{"@type":"ImageObject","inLanguage":"es","@id":"https:\/\/northamericanwindacademy.com\/#\/schema\/logo\/image\/","url":"https:\/\/northamericanwindacademy.com\/wp-content\/uploads\/2025\/08\/NAWA-Logo-scaled.png","contentUrl":"https:\/\/northamericanwindacademy.com\/wp-content\/uploads\/2025\/08\/NAWA-Logo-scaled.png","width":2560,"height":591,"caption":"North American Wind Academy"},"image":{"@id":"https:\/\/northamericanwindacademy.com\/#\/schema\/logo\/image\/"}}]}},"_links":{"self":[{"href":"https:\/\/northamericanwindacademy.com\/es\/wp-json\/wp\/v2\/product\/414","targetHints":{"allow":["GET"]}}],"collection":[{"href":"https:\/\/northamericanwindacademy.com\/es\/wp-json\/wp\/v2\/product"}],"about":[{"href":"https:\/\/northamericanwindacademy.com\/es\/wp-json\/wp\/v2\/types\/product"}],"version-history":[{"count":13,"href":"https:\/\/northamericanwindacademy.com\/es\/wp-json\/wp\/v2\/product\/414\/revisions"}],"predecessor-version":[{"id":2170,"href":"https:\/\/northamericanwindacademy.com\/es\/wp-json\/wp\/v2\/product\/414\/revisions\/2170"}],"wp:featuredmedia":[{"embeddable":true,"href":"https:\/\/northamericanwindacademy.com\/es\/wp-json\/wp\/v2\/media\/75"}],"wp:attachment":[{"href":"https:\/\/northamericanwindacademy.com\/es\/wp-json\/wp\/v2\/media?parent=414"}],"wp:term":[{"taxonomy":"product_brand","embeddable":true,"href":"https:\/\/northamericanwindacademy.com\/es\/wp-json\/wp\/v2\/product_brand?post=414"},{"taxonomy":"product_cat","embeddable":true,"href":"https:\/\/northamericanwindacademy.com\/es\/wp-json\/wp\/v2\/product_cat?post=414"},{"taxonomy":"product_tag","embeddable":true,"href":"https:\/\/northamericanwindacademy.com\/es\/wp-json\/wp\/v2\/product_tag?post=414"}],"curies":[{"name":"wp","href":"https:\/\/api.w.org\/{rel}","templated":true}]}}