{"id":670,"date":"2025-08-19T14:28:09","date_gmt":"2025-08-19T14:28:09","guid":{"rendered":"https:\/\/northamericanwindacademy.com\/?post_type=product&#038;p=670"},"modified":"2025-11-17T15:27:36","modified_gmt":"2025-11-17T15:27:36","slug":"gwo-slinger-signaller-training","status":"publish","type":"product","link":"https:\/\/northamericanwindacademy.com\/es\/our-courses\/gwo-slinger-signaller-training\/","title":{"rendered":"GWO Slinger Formaci\u00f3n de se\u00f1alizadores"},"content":{"rendered":"<div id=\"course_content\" class=\"product-page--content-block--info--section content\">\n<p>Volume discounts available.<\/p>\n<p><strong>Duraci\u00f3n del curso:<\/strong> 2 d\u00edas<\/p>\n<p><strong>Revalidaci\u00f3n: <\/strong> No hay requisito de revalidaci\u00f3n para este programa de formaci\u00f3n.<\/p>\n<p><strong>Art\u00edculos para llevar:<\/strong> Documento de identificaci\u00f3n fotogr\u00e1fica emitido por el gobierno, p. ej. licencia de conducir o pasaporte, y botas de seguridad para trabajar.<\/p>\n<p><strong>Idioma<\/strong>\u00a0Formaci\u00f3n disponible en ingl\u00e9s\/espa\u00f1ol.<\/p>\n<\/div>\n<p>&nbsp;<\/p>\n<div id=\"course_content\" class=\"product-page--content-block--info--section content\">\n<h5><b>Los delegados que completen el curso de GWO Slinger Signaller podr\u00e1n:<\/b><\/h5>\n<ul>\n<li>Conectar y desconectar una carga a y desde un accesorio de elevaci\u00f3n de gr\u00faa<\/li>\n<li>Inicie y dirija el movimiento seguro de una gr\u00faa, incluyendo m\u00faltiples se\u00f1alizadores durante elevaciones limitadas o a ciegas<\/li>\n<li>Cumple con el rol y las responsabilidades de se\u00f1alizador durante un izado<\/li>\n<li>Realice inspecciones visuales previas y posteriores de los accesorios de elevaci\u00f3n y la carga<\/li>\n<li>Manipular accesorios de elevaci\u00f3n<\/li>\n<li>Asegurar el despegue seguro y la colocaci\u00f3n de la carga<\/li>\n<li>Izar varios tipos de carga seg\u00fan el peso, el centro de gravedad, la forma y el tama\u00f1o<\/li>\n<li>Realizar elevaciones rutinarias gen\u00e9ricas de acuerdo con un plan de elevaci\u00f3n<\/li>\n<li>Cumpla con las instrucciones y procedimientos establecidos por un empleador para gestionar el levantamiento<\/li>\n<li>Aseg\u00farese de que el equipo se use adecuadamente, se mantenga y se informen los defectos<\/li>\n<\/ul>\n<\/div>","protected":false},"excerpt":{"rendered":"<p class=\"text-align-justify\">GWO Slinger Signaller proporciona conciencia sobre los riesgos y peligros relacionados con trabajar con se\u00f1alizaci\u00f3n de eslingas en la industria e\u00f3lica.<\/p>\n<p class=\"text-align-justify\">Los participantes estar\u00e1n equipados con los conocimientos y habilidades necesarios para realizar las tareas asignadas de se\u00f1alizaci\u00f3n de montacargas de manera segura y eficiente.<\/p>\n<p class=\"text-align-justify\">El curso incluye realizar t\u00e9cnicas de izado y se\u00f1alizaci\u00f3n durante operaciones de elevaci\u00f3n sencillas. Todas las operaciones cubiertas se basan en un plan de izado que contempla los peligros conocidos.<\/p>","protected":false},"featured_media":931,"template":"","meta":{"content-type":"","_monsterinsights_skip_tracking":false,"_monsterinsights_sitenote_active":false,"_monsterinsights_sitenote_note":"","_monsterinsights_sitenote_category":0},"product_brand":[],"product_cat":[34],"product_tag":[],"class_list":{"0":"post-670","1":"product","2":"type-product","3":"status-publish","4":"has-post-thumbnail","6":"product_cat-gwo-course","8":"first","9":"instock","10":"sold-individually","11":"shipping-taxable","12":"purchasable","13":"product-type-phive_booking"},"yoast_head":"<!-- This site is optimized with the Yoast SEO plugin v27.3 - https:\/\/yoast.com\/product\/yoast-seo-wordpress\/ -->\n<title>GWO Slinger Signaller Training - North American Wind Academy<\/title>\n<meta name=\"description\" content=\"GWO Slinger Signaller provides awareness of the risks and hazards related to working with slinger signalling in the wind industry.\" \/>\n<meta name=\"robots\" content=\"index, follow, max-snippet:-1, max-image-preview:large, max-video-preview:-1\" \/>\n<link rel=\"canonical\" href=\"https:\/\/northamericanwindacademy.com\/es\/our-courses\/gwo-slinger-signaller-training\/\" \/>\n<meta property=\"og:locale\" content=\"es_MX\" \/>\n<meta property=\"og:type\" content=\"article\" \/>\n<meta property=\"og:title\" content=\"GWO Slinger Signaller Training - North American Wind Academy\" \/>\n<meta property=\"og:description\" content=\"GWO Slinger Signaller provides awareness of the risks and hazards related to working with slinger signalling in the wind industry.\" \/>\n<meta property=\"og:url\" content=\"https:\/\/northamericanwindacademy.com\/es\/our-courses\/gwo-slinger-signaller-training\/\" \/>\n<meta property=\"og:site_name\" content=\"North American Wind Academy\" \/>\n<meta property=\"article:modified_time\" content=\"2025-11-17T15:27:36+00:00\" \/>\n<meta property=\"og:image\" content=\"https:\/\/northamericanwindacademy.com\/wp-content\/uploads\/2025\/08\/472758398_930909779019822_1374412743126720736_n.jpg\" \/>\n\t<meta property=\"og:image:width\" content=\"2048\" \/>\n\t<meta property=\"og:image:height\" content=\"1536\" \/>\n\t<meta property=\"og:image:type\" content=\"image\/jpeg\" \/>\n<meta name=\"twitter:card\" content=\"summary_large_image\" \/>\n<meta name=\"twitter:label1\" content=\"Tiempo de lectura\" \/>\n\t<meta name=\"twitter:data1\" content=\"1 minuto\" \/>\n<script type=\"application\/ld+json\" class=\"yoast-schema-graph\">{\"@context\":\"https:\\\/\\\/schema.org\",\"@graph\":[{\"@type\":\"WebPage\",\"@id\":\"https:\\\/\\\/northamericanwindacademy.com\\\/our-courses\\\/gwo-slinger-signaller-training\\\/\",\"url\":\"https:\\\/\\\/northamericanwindacademy.com\\\/our-courses\\\/gwo-slinger-signaller-training\\\/\",\"name\":\"GWO Slinger Signaller Training - North American Wind Academy\",\"isPartOf\":{\"@id\":\"https:\\\/\\\/northamericanwindacademy.com\\\/#website\"},\"primaryImageOfPage\":{\"@id\":\"https:\\\/\\\/northamericanwindacademy.com\\\/our-courses\\\/gwo-slinger-signaller-training\\\/#primaryimage\"},\"image\":{\"@id\":\"https:\\\/\\\/northamericanwindacademy.com\\\/our-courses\\\/gwo-slinger-signaller-training\\\/#primaryimage\"},\"thumbnailUrl\":\"https:\\\/\\\/northamericanwindacademy.com\\\/wp-content\\\/uploads\\\/2025\\\/08\\\/472758398_930909779019822_1374412743126720736_n.jpg\",\"datePublished\":\"2025-08-19T14:28:09+00:00\",\"dateModified\":\"2025-11-17T15:27:36+00:00\",\"description\":\"GWO Slinger Signaller provides awareness of the risks and hazards related to working with slinger signalling in the wind industry.\",\"breadcrumb\":{\"@id\":\"https:\\\/\\\/northamericanwindacademy.com\\\/our-courses\\\/gwo-slinger-signaller-training\\\/#breadcrumb\"},\"inLanguage\":\"es\",\"potentialAction\":[{\"@type\":\"ReadAction\",\"target\":[\"https:\\\/\\\/northamericanwindacademy.com\\\/our-courses\\\/gwo-slinger-signaller-training\\\/\"]}]},{\"@type\":\"ImageObject\",\"inLanguage\":\"es\",\"@id\":\"https:\\\/\\\/northamericanwindacademy.com\\\/our-courses\\\/gwo-slinger-signaller-training\\\/#primaryimage\",\"url\":\"https:\\\/\\\/northamericanwindacademy.com\\\/wp-content\\\/uploads\\\/2025\\\/08\\\/472758398_930909779019822_1374412743126720736_n.jpg\",\"contentUrl\":\"https:\\\/\\\/northamericanwindacademy.com\\\/wp-content\\\/uploads\\\/2025\\\/08\\\/472758398_930909779019822_1374412743126720736_n.jpg\",\"width\":2048,\"height\":1536},{\"@type\":\"BreadcrumbList\",\"@id\":\"https:\\\/\\\/northamericanwindacademy.com\\\/our-courses\\\/gwo-slinger-signaller-training\\\/#breadcrumb\",\"itemListElement\":[{\"@type\":\"ListItem\",\"position\":1,\"name\":\"Home\",\"item\":\"https:\\\/\\\/northamericanwindacademy.com\\\/\"},{\"@type\":\"ListItem\",\"position\":2,\"name\":\"Our Courses\",\"item\":\"https:\\\/\\\/northamericanwindacademy.com\\\/our-courses\\\/\"},{\"@type\":\"ListItem\",\"position\":3,\"name\":\"GWO Slinger Signaller Training\"}]},{\"@type\":\"WebSite\",\"@id\":\"https:\\\/\\\/northamericanwindacademy.com\\\/#website\",\"url\":\"https:\\\/\\\/northamericanwindacademy.com\\\/\",\"name\":\"North American Wind Academy\",\"description\":\"Wind Industry Training Provider for North America\",\"publisher\":{\"@id\":\"https:\\\/\\\/northamericanwindacademy.com\\\/#organization\"},\"potentialAction\":[{\"@type\":\"SearchAction\",\"target\":{\"@type\":\"EntryPoint\",\"urlTemplate\":\"https:\\\/\\\/northamericanwindacademy.com\\\/?s={search_term_string}\"},\"query-input\":{\"@type\":\"PropertyValueSpecification\",\"valueRequired\":true,\"valueName\":\"search_term_string\"}}],\"inLanguage\":\"es\"},{\"@type\":\"Organization\",\"@id\":\"https:\\\/\\\/northamericanwindacademy.com\\\/#organization\",\"name\":\"North American Wind Academy\",\"url\":\"https:\\\/\\\/northamericanwindacademy.com\\\/\",\"logo\":{\"@type\":\"ImageObject\",\"inLanguage\":\"es\",\"@id\":\"https:\\\/\\\/northamericanwindacademy.com\\\/#\\\/schema\\\/logo\\\/image\\\/\",\"url\":\"https:\\\/\\\/northamericanwindacademy.com\\\/wp-content\\\/uploads\\\/2025\\\/08\\\/NAWA-Logo-scaled.png\",\"contentUrl\":\"https:\\\/\\\/northamericanwindacademy.com\\\/wp-content\\\/uploads\\\/2025\\\/08\\\/NAWA-Logo-scaled.png\",\"width\":2560,\"height\":591,\"caption\":\"North American Wind Academy\"},\"image\":{\"@id\":\"https:\\\/\\\/northamericanwindacademy.com\\\/#\\\/schema\\\/logo\\\/image\\\/\"}}]}<\/script>\n<!-- \/ Yoast SEO plugin. -->","yoast_head_json":{"title":"GWO Slinger Signaller Training - North American Wind Academy","description":"GWO Slinger Signaller proporciona conciencia sobre los riesgos y peligros relacionados con trabajar con se\u00f1alizaci\u00f3n de eslingas en la industria e\u00f3lica.","robots":{"index":"index","follow":"follow","max-snippet":"max-snippet:-1","max-image-preview":"max-image-preview:large","max-video-preview":"max-video-preview:-1"},"canonical":"https:\/\/northamericanwindacademy.com\/es\/our-courses\/gwo-slinger-signaller-training\/","og_locale":"es_MX","og_type":"article","og_title":"GWO Slinger Signaller Training - North American Wind Academy","og_description":"GWO Slinger Signaller provides awareness of the risks and hazards related to working with slinger signalling in the wind industry.","og_url":"https:\/\/northamericanwindacademy.com\/es\/our-courses\/gwo-slinger-signaller-training\/","og_site_name":"North American Wind Academy","article_modified_time":"2025-11-17T15:27:36+00:00","og_image":[{"width":2048,"height":1536,"url":"https:\/\/northamericanwindacademy.com\/wp-content\/uploads\/2025\/08\/472758398_930909779019822_1374412743126720736_n.jpg","type":"image\/jpeg"}],"twitter_card":"summary_large_image","twitter_misc":{"Tiempo de lectura":"1 minuto"},"schema":{"@context":"https:\/\/schema.org","@graph":[{"@type":"WebPage","@id":"https:\/\/northamericanwindacademy.com\/our-courses\/gwo-slinger-signaller-training\/","url":"https:\/\/northamericanwindacademy.com\/our-courses\/gwo-slinger-signaller-training\/","name":"GWO Slinger Signaller Training - North American Wind Academy","isPartOf":{"@id":"https:\/\/northamericanwindacademy.com\/#website"},"primaryImageOfPage":{"@id":"https:\/\/northamericanwindacademy.com\/our-courses\/gwo-slinger-signaller-training\/#primaryimage"},"image":{"@id":"https:\/\/northamericanwindacademy.com\/our-courses\/gwo-slinger-signaller-training\/#primaryimage"},"thumbnailUrl":"https:\/\/northamericanwindacademy.com\/wp-content\/uploads\/2025\/08\/472758398_930909779019822_1374412743126720736_n.jpg","datePublished":"2025-08-19T14:28:09+00:00","dateModified":"2025-11-17T15:27:36+00:00","description":"GWO Slinger Signaller proporciona conciencia sobre los riesgos y peligros relacionados con trabajar con se\u00f1alizaci\u00f3n de eslingas en la industria e\u00f3lica.","breadcrumb":{"@id":"https:\/\/northamericanwindacademy.com\/our-courses\/gwo-slinger-signaller-training\/#breadcrumb"},"inLanguage":"es","potentialAction":[{"@type":"ReadAction","target":["https:\/\/northamericanwindacademy.com\/our-courses\/gwo-slinger-signaller-training\/"]}]},{"@type":"ImageObject","inLanguage":"es","@id":"https:\/\/northamericanwindacademy.com\/our-courses\/gwo-slinger-signaller-training\/#primaryimage","url":"https:\/\/northamericanwindacademy.com\/wp-content\/uploads\/2025\/08\/472758398_930909779019822_1374412743126720736_n.jpg","contentUrl":"https:\/\/northamericanwindacademy.com\/wp-content\/uploads\/2025\/08\/472758398_930909779019822_1374412743126720736_n.jpg","width":2048,"height":1536},{"@type":"BreadcrumbList","@id":"https:\/\/northamericanwindacademy.com\/our-courses\/gwo-slinger-signaller-training\/#breadcrumb","itemListElement":[{"@type":"ListItem","position":1,"name":"Home","item":"https:\/\/northamericanwindacademy.com\/"},{"@type":"ListItem","position":2,"name":"Our Courses","item":"https:\/\/northamericanwindacademy.com\/our-courses\/"},{"@type":"ListItem","position":3,"name":"GWO Slinger Signaller Training"}]},{"@type":"WebSite","@id":"https:\/\/northamericanwindacademy.com\/#website","url":"https:\/\/northamericanwindacademy.com\/","name":"North American Wind Academy","description":"Wind Industry Training Provider for North America","publisher":{"@id":"https:\/\/northamericanwindacademy.com\/#organization"},"potentialAction":[{"@type":"SearchAction","target":{"@type":"EntryPoint","urlTemplate":"https:\/\/northamericanwindacademy.com\/?s={search_term_string}"},"query-input":{"@type":"PropertyValueSpecification","valueRequired":true,"valueName":"search_term_string"}}],"inLanguage":"es"},{"@type":"Organization","@id":"https:\/\/northamericanwindacademy.com\/#organization","name":"North American Wind Academy","url":"https:\/\/northamericanwindacademy.com\/","logo":{"@type":"ImageObject","inLanguage":"es","@id":"https:\/\/northamericanwindacademy.com\/#\/schema\/logo\/image\/","url":"https:\/\/northamericanwindacademy.com\/wp-content\/uploads\/2025\/08\/NAWA-Logo-scaled.png","contentUrl":"https:\/\/northamericanwindacademy.com\/wp-content\/uploads\/2025\/08\/NAWA-Logo-scaled.png","width":2560,"height":591,"caption":"North American Wind Academy"},"image":{"@id":"https:\/\/northamericanwindacademy.com\/#\/schema\/logo\/image\/"}}]}},"_links":{"self":[{"href":"https:\/\/northamericanwindacademy.com\/es\/wp-json\/wp\/v2\/product\/670","targetHints":{"allow":["GET"]}}],"collection":[{"href":"https:\/\/northamericanwindacademy.com\/es\/wp-json\/wp\/v2\/product"}],"about":[{"href":"https:\/\/northamericanwindacademy.com\/es\/wp-json\/wp\/v2\/types\/product"}],"version-history":[{"count":15,"href":"https:\/\/northamericanwindacademy.com\/es\/wp-json\/wp\/v2\/product\/670\/revisions"}],"predecessor-version":[{"id":2171,"href":"https:\/\/northamericanwindacademy.com\/es\/wp-json\/wp\/v2\/product\/670\/revisions\/2171"}],"wp:featuredmedia":[{"embeddable":true,"href":"https:\/\/northamericanwindacademy.com\/es\/wp-json\/wp\/v2\/media\/931"}],"wp:attachment":[{"href":"https:\/\/northamericanwindacademy.com\/es\/wp-json\/wp\/v2\/media?parent=670"}],"wp:term":[{"taxonomy":"product_brand","embeddable":true,"href":"https:\/\/northamericanwindacademy.com\/es\/wp-json\/wp\/v2\/product_brand?post=670"},{"taxonomy":"product_cat","embeddable":true,"href":"https:\/\/northamericanwindacademy.com\/es\/wp-json\/wp\/v2\/product_cat?post=670"},{"taxonomy":"product_tag","embeddable":true,"href":"https:\/\/northamericanwindacademy.com\/es\/wp-json\/wp\/v2\/product_tag?post=670"}],"curies":[{"name":"wp","href":"https:\/\/api.w.org\/{rel}","templated":true}]}}