{"id":672,"date":"2025-08-19T14:29:27","date_gmt":"2025-08-19T14:29:27","guid":{"rendered":"https:\/\/northamericanwindacademy.com\/?post_type=product&#038;p=672"},"modified":"2025-11-17T15:28:11","modified_gmt":"2025-11-17T15:28:11","slug":"gwo-crane-and-hoist-training","status":"publish","type":"product","link":"https:\/\/northamericanwindacademy.com\/es\/our-courses\/gwo-crane-and-hoist-training\/","title":{"rendered":"GWO Formaci\u00f3n en gr\u00faas y polipastos"},"content":{"rendered":"<div id=\"structure\" class=\"product-page--content-block--info--section objectives\">\n<p>Volume discounts available.<\/p>\n<p><strong>Duraci\u00f3n del curso:<\/strong> 2 d\u00edas<\/p>\n<p><strong>Validez del certificado (meses):<\/strong>\u00a024<\/p>\n<p><strong>Revalidaci\u00f3n:<\/strong>\u00a0El curso debe ser revalidado cada 2 a\u00f1os.<\/p>\n<p><strong>Pre Requisite:\u00a0<\/strong>Se requiere un registro BST v\u00e1lido de GWO para participar en la formaci\u00f3n de gr\u00faas y polipastos de GWO.<\/p>\n<p><strong>Art\u00edculos para llevar:<\/strong> Documento de identificaci\u00f3n fotogr\u00e1fica emitido por el gobierno, p. ej. licencia de conducir o pasaporte, y botas de seguridad para trabajar.<\/p>\n<p><strong>Idioma<\/strong>\u00a0Formaci\u00f3n disponible en ingl\u00e9s\/espa\u00f1ol.<\/p>\n<\/div>","protected":false},"excerpt":{"rendered":"<p>La formaci\u00f3n de gr\u00faas y polipastos de GWO proporciona a los participantes la experiencia para operar y mantener gr\u00faas y polipastos peque\u00f1os fijos en la industria e\u00f3lica, tanto en tierra como en alta mar.<\/p>\n<p>La formaci\u00f3n de acuerdo con este Est\u00e1ndar de Formaci\u00f3n de Gr\u00faas y Polipastos permitir\u00e1 al personal de la industria e\u00f3lica seguir de forma segura los manuales de los fabricantes, la documentaci\u00f3n y la legislaci\u00f3n pertinente. Los participantes recibir\u00e1n una Certificaci\u00f3n de Gr\u00faa y Polipasto de GWO al completar el curso.<\/p>","protected":false},"featured_media":293,"template":"","meta":{"content-type":"","_monsterinsights_skip_tracking":false,"_monsterinsights_sitenote_active":false,"_monsterinsights_sitenote_note":"","_monsterinsights_sitenote_category":0},"product_brand":[],"product_cat":[34],"product_tag":[],"class_list":{"0":"post-672","1":"product","2":"type-product","3":"status-publish","4":"has-post-thumbnail","6":"product_cat-gwo-course","8":"first","9":"instock","10":"sold-individually","11":"shipping-taxable","12":"purchasable","13":"product-type-phive_booking"},"yoast_head":"<!-- This site is optimized with the Yoast SEO plugin v27.3 - https:\/\/yoast.com\/product\/yoast-seo-wordpress\/ -->\n<title>GWO Crane and Hoist Training - North American Wind Academy<\/title>\n<meta name=\"robots\" content=\"index, follow, max-snippet:-1, max-image-preview:large, max-video-preview:-1\" \/>\n<link rel=\"canonical\" href=\"https:\/\/northamericanwindacademy.com\/es\/our-courses\/gwo-crane-and-hoist-training\/\" \/>\n<meta property=\"og:locale\" content=\"es_MX\" \/>\n<meta property=\"og:type\" content=\"article\" \/>\n<meta property=\"og:title\" content=\"GWO Crane and Hoist Training - North American Wind Academy\" \/>\n<meta property=\"og:description\" content=\"The GWO Crane and Hoist Training provides participants with the expertise to operate and maintain small fixed cranes and hoists in the wind industry, both onshore and offshore.  Training in accordance with this Crane and Hoist Training Standard will enable wind industry personnel to safely follow manufacturers\u2019 manuals, documentation, and relevant legislation. Participants will receive a GWO Crane &amp; Hoist Certification on completion.\" \/>\n<meta property=\"og:url\" content=\"https:\/\/northamericanwindacademy.com\/es\/our-courses\/gwo-crane-and-hoist-training\/\" \/>\n<meta property=\"og:site_name\" content=\"North American Wind Academy\" \/>\n<meta property=\"article:modified_time\" content=\"2025-11-17T15:28:11+00:00\" \/>\n<meta property=\"og:image\" content=\"https:\/\/northamericanwindacademy.com\/wp-content\/uploads\/2025\/08\/Hornsea-installation-e1755782844518.jpg\" \/>\n\t<meta property=\"og:image:width\" content=\"1815\" \/>\n\t<meta property=\"og:image:height\" content=\"1956\" \/>\n\t<meta property=\"og:image:type\" content=\"image\/jpeg\" \/>\n<meta name=\"twitter:card\" content=\"summary_large_image\" \/>\n<meta name=\"twitter:label1\" content=\"Tiempo de lectura\" \/>\n\t<meta name=\"twitter:data1\" content=\"1 minuto\" \/>\n<script type=\"application\/ld+json\" class=\"yoast-schema-graph\">{\"@context\":\"https:\\\/\\\/schema.org\",\"@graph\":[{\"@type\":\"WebPage\",\"@id\":\"https:\\\/\\\/northamericanwindacademy.com\\\/our-courses\\\/gwo-crane-and-hoist-training\\\/\",\"url\":\"https:\\\/\\\/northamericanwindacademy.com\\\/our-courses\\\/gwo-crane-and-hoist-training\\\/\",\"name\":\"GWO Crane and Hoist Training - North American Wind Academy\",\"isPartOf\":{\"@id\":\"https:\\\/\\\/northamericanwindacademy.com\\\/#website\"},\"primaryImageOfPage\":{\"@id\":\"https:\\\/\\\/northamericanwindacademy.com\\\/our-courses\\\/gwo-crane-and-hoist-training\\\/#primaryimage\"},\"image\":{\"@id\":\"https:\\\/\\\/northamericanwindacademy.com\\\/our-courses\\\/gwo-crane-and-hoist-training\\\/#primaryimage\"},\"thumbnailUrl\":\"https:\\\/\\\/northamericanwindacademy.com\\\/wp-content\\\/uploads\\\/2025\\\/08\\\/Hornsea-installation-e1755782844518.jpg\",\"datePublished\":\"2025-08-19T14:29:27+00:00\",\"dateModified\":\"2025-11-17T15:28:11+00:00\",\"breadcrumb\":{\"@id\":\"https:\\\/\\\/northamericanwindacademy.com\\\/our-courses\\\/gwo-crane-and-hoist-training\\\/#breadcrumb\"},\"inLanguage\":\"es\",\"potentialAction\":[{\"@type\":\"ReadAction\",\"target\":[\"https:\\\/\\\/northamericanwindacademy.com\\\/our-courses\\\/gwo-crane-and-hoist-training\\\/\"]}]},{\"@type\":\"ImageObject\",\"inLanguage\":\"es\",\"@id\":\"https:\\\/\\\/northamericanwindacademy.com\\\/our-courses\\\/gwo-crane-and-hoist-training\\\/#primaryimage\",\"url\":\"https:\\\/\\\/northamericanwindacademy.com\\\/wp-content\\\/uploads\\\/2025\\\/08\\\/Hornsea-installation-e1755782844518.jpg\",\"contentUrl\":\"https:\\\/\\\/northamericanwindacademy.com\\\/wp-content\\\/uploads\\\/2025\\\/08\\\/Hornsea-installation-e1755782844518.jpg\",\"width\":1815,\"height\":1956},{\"@type\":\"BreadcrumbList\",\"@id\":\"https:\\\/\\\/northamericanwindacademy.com\\\/our-courses\\\/gwo-crane-and-hoist-training\\\/#breadcrumb\",\"itemListElement\":[{\"@type\":\"ListItem\",\"position\":1,\"name\":\"Home\",\"item\":\"https:\\\/\\\/northamericanwindacademy.com\\\/\"},{\"@type\":\"ListItem\",\"position\":2,\"name\":\"Our Courses\",\"item\":\"https:\\\/\\\/northamericanwindacademy.com\\\/our-courses\\\/\"},{\"@type\":\"ListItem\",\"position\":3,\"name\":\"GWO Crane and Hoist Training\"}]},{\"@type\":\"WebSite\",\"@id\":\"https:\\\/\\\/northamericanwindacademy.com\\\/#website\",\"url\":\"https:\\\/\\\/northamericanwindacademy.com\\\/\",\"name\":\"North American Wind Academy\",\"description\":\"Wind Industry Training Provider for North America\",\"publisher\":{\"@id\":\"https:\\\/\\\/northamericanwindacademy.com\\\/#organization\"},\"potentialAction\":[{\"@type\":\"SearchAction\",\"target\":{\"@type\":\"EntryPoint\",\"urlTemplate\":\"https:\\\/\\\/northamericanwindacademy.com\\\/?s={search_term_string}\"},\"query-input\":{\"@type\":\"PropertyValueSpecification\",\"valueRequired\":true,\"valueName\":\"search_term_string\"}}],\"inLanguage\":\"es\"},{\"@type\":\"Organization\",\"@id\":\"https:\\\/\\\/northamericanwindacademy.com\\\/#organization\",\"name\":\"North American Wind Academy\",\"url\":\"https:\\\/\\\/northamericanwindacademy.com\\\/\",\"logo\":{\"@type\":\"ImageObject\",\"inLanguage\":\"es\",\"@id\":\"https:\\\/\\\/northamericanwindacademy.com\\\/#\\\/schema\\\/logo\\\/image\\\/\",\"url\":\"https:\\\/\\\/northamericanwindacademy.com\\\/wp-content\\\/uploads\\\/2025\\\/08\\\/NAWA-Logo-scaled.png\",\"contentUrl\":\"https:\\\/\\\/northamericanwindacademy.com\\\/wp-content\\\/uploads\\\/2025\\\/08\\\/NAWA-Logo-scaled.png\",\"width\":2560,\"height\":591,\"caption\":\"North American Wind Academy\"},\"image\":{\"@id\":\"https:\\\/\\\/northamericanwindacademy.com\\\/#\\\/schema\\\/logo\\\/image\\\/\"}}]}<\/script>\n<!-- \/ Yoast SEO plugin. -->","yoast_head_json":{"title":"GWO Crane and Hoist Training - North American Wind Academy","robots":{"index":"index","follow":"follow","max-snippet":"max-snippet:-1","max-image-preview":"max-image-preview:large","max-video-preview":"max-video-preview:-1"},"canonical":"https:\/\/northamericanwindacademy.com\/es\/our-courses\/gwo-crane-and-hoist-training\/","og_locale":"es_MX","og_type":"article","og_title":"GWO Crane and Hoist Training - North American Wind Academy","og_description":"The GWO Crane and Hoist Training provides participants with the expertise to operate and maintain small fixed cranes and hoists in the wind industry, both onshore and offshore.  Training in accordance with this Crane and Hoist Training Standard will enable wind industry personnel to safely follow manufacturers\u2019 manuals, documentation, and relevant legislation. Participants will receive a GWO Crane &amp; Hoist Certification on completion.","og_url":"https:\/\/northamericanwindacademy.com\/es\/our-courses\/gwo-crane-and-hoist-training\/","og_site_name":"North American Wind Academy","article_modified_time":"2025-11-17T15:28:11+00:00","og_image":[{"width":1815,"height":1956,"url":"https:\/\/northamericanwindacademy.com\/wp-content\/uploads\/2025\/08\/Hornsea-installation-e1755782844518.jpg","type":"image\/jpeg"}],"twitter_card":"summary_large_image","twitter_misc":{"Tiempo de lectura":"1 minuto"},"schema":{"@context":"https:\/\/schema.org","@graph":[{"@type":"WebPage","@id":"https:\/\/northamericanwindacademy.com\/our-courses\/gwo-crane-and-hoist-training\/","url":"https:\/\/northamericanwindacademy.com\/our-courses\/gwo-crane-and-hoist-training\/","name":"GWO Crane and Hoist Training - North American Wind Academy","isPartOf":{"@id":"https:\/\/northamericanwindacademy.com\/#website"},"primaryImageOfPage":{"@id":"https:\/\/northamericanwindacademy.com\/our-courses\/gwo-crane-and-hoist-training\/#primaryimage"},"image":{"@id":"https:\/\/northamericanwindacademy.com\/our-courses\/gwo-crane-and-hoist-training\/#primaryimage"},"thumbnailUrl":"https:\/\/northamericanwindacademy.com\/wp-content\/uploads\/2025\/08\/Hornsea-installation-e1755782844518.jpg","datePublished":"2025-08-19T14:29:27+00:00","dateModified":"2025-11-17T15:28:11+00:00","breadcrumb":{"@id":"https:\/\/northamericanwindacademy.com\/our-courses\/gwo-crane-and-hoist-training\/#breadcrumb"},"inLanguage":"es","potentialAction":[{"@type":"ReadAction","target":["https:\/\/northamericanwindacademy.com\/our-courses\/gwo-crane-and-hoist-training\/"]}]},{"@type":"ImageObject","inLanguage":"es","@id":"https:\/\/northamericanwindacademy.com\/our-courses\/gwo-crane-and-hoist-training\/#primaryimage","url":"https:\/\/northamericanwindacademy.com\/wp-content\/uploads\/2025\/08\/Hornsea-installation-e1755782844518.jpg","contentUrl":"https:\/\/northamericanwindacademy.com\/wp-content\/uploads\/2025\/08\/Hornsea-installation-e1755782844518.jpg","width":1815,"height":1956},{"@type":"BreadcrumbList","@id":"https:\/\/northamericanwindacademy.com\/our-courses\/gwo-crane-and-hoist-training\/#breadcrumb","itemListElement":[{"@type":"ListItem","position":1,"name":"Home","item":"https:\/\/northamericanwindacademy.com\/"},{"@type":"ListItem","position":2,"name":"Our Courses","item":"https:\/\/northamericanwindacademy.com\/our-courses\/"},{"@type":"ListItem","position":3,"name":"GWO Crane and Hoist Training"}]},{"@type":"WebSite","@id":"https:\/\/northamericanwindacademy.com\/#website","url":"https:\/\/northamericanwindacademy.com\/","name":"North American Wind Academy","description":"Wind Industry Training Provider for North America","publisher":{"@id":"https:\/\/northamericanwindacademy.com\/#organization"},"potentialAction":[{"@type":"SearchAction","target":{"@type":"EntryPoint","urlTemplate":"https:\/\/northamericanwindacademy.com\/?s={search_term_string}"},"query-input":{"@type":"PropertyValueSpecification","valueRequired":true,"valueName":"search_term_string"}}],"inLanguage":"es"},{"@type":"Organization","@id":"https:\/\/northamericanwindacademy.com\/#organization","name":"North American Wind Academy","url":"https:\/\/northamericanwindacademy.com\/","logo":{"@type":"ImageObject","inLanguage":"es","@id":"https:\/\/northamericanwindacademy.com\/#\/schema\/logo\/image\/","url":"https:\/\/northamericanwindacademy.com\/wp-content\/uploads\/2025\/08\/NAWA-Logo-scaled.png","contentUrl":"https:\/\/northamericanwindacademy.com\/wp-content\/uploads\/2025\/08\/NAWA-Logo-scaled.png","width":2560,"height":591,"caption":"North American Wind Academy"},"image":{"@id":"https:\/\/northamericanwindacademy.com\/#\/schema\/logo\/image\/"}}]}},"_links":{"self":[{"href":"https:\/\/northamericanwindacademy.com\/es\/wp-json\/wp\/v2\/product\/672","targetHints":{"allow":["GET"]}}],"collection":[{"href":"https:\/\/northamericanwindacademy.com\/es\/wp-json\/wp\/v2\/product"}],"about":[{"href":"https:\/\/northamericanwindacademy.com\/es\/wp-json\/wp\/v2\/types\/product"}],"version-history":[{"count":17,"href":"https:\/\/northamericanwindacademy.com\/es\/wp-json\/wp\/v2\/product\/672\/revisions"}],"predecessor-version":[{"id":2172,"href":"https:\/\/northamericanwindacademy.com\/es\/wp-json\/wp\/v2\/product\/672\/revisions\/2172"}],"wp:featuredmedia":[{"embeddable":true,"href":"https:\/\/northamericanwindacademy.com\/es\/wp-json\/wp\/v2\/media\/293"}],"wp:attachment":[{"href":"https:\/\/northamericanwindacademy.com\/es\/wp-json\/wp\/v2\/media?parent=672"}],"wp:term":[{"taxonomy":"product_brand","embeddable":true,"href":"https:\/\/northamericanwindacademy.com\/es\/wp-json\/wp\/v2\/product_brand?post=672"},{"taxonomy":"product_cat","embeddable":true,"href":"https:\/\/northamericanwindacademy.com\/es\/wp-json\/wp\/v2\/product_cat?post=672"},{"taxonomy":"product_tag","embeddable":true,"href":"https:\/\/northamericanwindacademy.com\/es\/wp-json\/wp\/v2\/product_tag?post=672"}],"curies":[{"name":"wp","href":"https:\/\/api.w.org\/{rel}","templated":true}]}}